{"id":10,"date":"2023-07-10T06:06:50","date_gmt":"2023-07-10T06:06:50","guid":{"rendered":"https:\/\/www.chronopia.world\/de\/?page_id=10"},"modified":"2023-07-31T14:41:43","modified_gmt":"2023-07-31T14:41:43","slug":"einheitenprofil","status":"publish","type":"page","link":"https:\/\/www.chronopia.world\/de\/einheitenprofil\/","title":{"rendered":"Einheitenprofile"},"content":{"rendered":"\n<p>Jede Figur \/ Einheit besitzt, um seine F\u00e4higkeiten auf dem Schlachtfeld darzustellen, ein individuelles Profil. Die Profile jeder Figur \/ Einheit finden sich entweder in den Armeelisten des Regelwerk oder k\u00fcnftigen Erg\u00e4nzungen, als auch auf den Einheitenkarten (Unit Cards) die den Figuren beiliegen.<\/p>\n\n\n\n<figure class=\"wp-block-image aligncenter size-full\"><img fetchpriority=\"high\" decoding=\"async\" width=\"600\" height=\"858\" src=\"https:\/\/www.chronopia.world\/de\/wp-content\/uploads\/sites\/9\/2023\/07\/stats_02.jpg\" alt=\"\" class=\"wp-image-178\" srcset=\"https:\/\/www.chronopia.world\/de\/wp-content\/uploads\/sites\/9\/2023\/07\/stats_02.jpg 600w, https:\/\/www.chronopia.world\/de\/wp-content\/uploads\/sites\/9\/2023\/07\/stats_02-210x300.jpg 210w\" sizes=\"(max-width: 600px) 100vw, 600px\" \/><figcaption class=\"wp-element-caption\">Typische Einheitenkarte (Unit Card, hier auf englisch). In diesem Fall eine Karte der Verlorenen (Fraktion der Lakaien)<\/figcaption><\/figure>\n\n\n\n<h2 class=\"wp-block-heading\">Basiswerte der Profile<\/h2>\n\n\n\n<p>Unter dem Namen der Einheit folgen in wei\u00dfen Kreisen zehn Werte die das grundlegende Profil darstelllen. Hierbei handelt es sich um wesentliche Spielwerte die h\u00e4ufig im Spiel ben\u00f6tigt und wie folgt beschrieben werden.<\/p>\n\n\n\n<ul class=\"wp-block-list\">\n<li><strong>Nahkampfwert <\/strong>(NK, engl. Close Combat, CC): Dieser Wert zeigt wie gut die Einheit im Nahkampf ist.<\/li>\n\n\n\n<li><strong>Fernkampfwert <\/strong>(FW, engl. Range Skill, RS): Mit diesem Wert wird beschrieben wie gut die Einheit mit Fernkampfwaffen ist.<\/li>\n\n\n\n<li><strong>Geschicklichkeitswert <\/strong>(GW, engl. Dexterity, Dex): Je h\u00f6her der Wert desto besser ist die Einheit in Aspekten, wie Gleichgewicht halten, Reaktionf\u00e4higkeit, Hand-Augen-Koordination, usw.<\/li>\n\n\n\n<li><strong>Magie <\/strong>(MG, engl. Will Power, WP): Dieser Wert teiilt dir mit wie gut die Einheit beim Wirken von Zauber ist oder sich gegen Fl\u00fcche und Zauberspr\u00fcche wehren kann.<\/li>\n\n\n\n<li><strong>F\u00fchrung <\/strong>(FG, engl. Leadership, LP): Hiermit wird dargestellt wie gut trainiert und diszpliniert die Einheit ist. Zudem zeigt es an ob und wie gut es andere Einheiten kontrollieren bzw. befehlen kann.<\/li>\n\n\n\n<li><strong>Bewegungswert <\/strong>(BW, engl. Move, M): Die Zahl repr\u00e4sentiert die Strecke in Zoll, welche die Einheit in einer Standardbewegung maximal \u00fcberbr\u00fccken kann.<\/li>\n\n\n\n<li><strong>Agilit\u00e4t <\/strong>(AG, engl. Agility, Ag): Mit einem negativen Wert wird die angegeben Zahl vom Nahkampfwert des Kontrahenten abgezogen. Bei einem postiven Wert hinzugerechnet.<\/li>\n\n\n\n<li><strong>St\u00e4rke <\/strong>(S, engl. Strength, S): Mit diesem Wert ist die St\u00e4rke der Einheit beschrieben.<\/li>\n\n\n\n<li><strong>R\u00fcstung <\/strong>(R, engl. Armour, A): Dieser Wert zeigt wie gut die EInheit gegen Schaden gesch\u00fctzt ist.<\/li>\n\n\n\n<li><strong>Lebenspunkte <\/strong>(LP, engl Wounds, W): Die Zahl zeigt an wie hart im nehmen die Einheit ist und wieviel Schaden sie aush\u00e4lt, bevor sie als Verlust  entfernt wird.<\/li>\n<\/ul>\n\n\n\n<div style=\"height:50px\" aria-hidden=\"true\" class=\"wp-block-spacer\"><\/div>\n\n\n\n<h2 class=\"wp-block-heading\">Weitere Daten aus dem Profil<\/h2>\n\n\n\n<p>Bei diesen Werten handelt es sich um erweiterte Profilwerte die wichtige Grundinformationen zur Einheit liefern.<\/p>\n\n\n\n<ul class=\"wp-block-list\">\n<li><strong>Figurentyp <\/strong>(eng. Model type): Diese Information wird ben\u00f6tigt, um die Wirkung von Wetter, Effekten von Zauberspr\u00fcchen, Waffen und andere Sonderf\u00e4higkeiten richtig einzusch\u00e4tzen.<\/li>\n\n\n\n<li><strong>Klassifikation <\/strong>(engl. Classification): Diese Angabe dient der genauen Eingrenzung von grundlegenden St\u00e4rken und Schw\u00e4chen der EInheit.<\/li>\n\n\n\n<li><strong>Einheitentyp <\/strong>(engl. Unit type): Eine Einheit kann sowohl Einzelfiguren, wie z.b. Monster und Helden sein, als auch Kampfverb\u00e4nde aus mehreren Figuren.<\/li>\n\n\n\n<li><strong>Punkte <\/strong>(engl. Point cost): Jede Einheit bei Chronopia hat den Punktewert mit dem eine Einsch\u00e4tzung seiner St\u00e4rken und F\u00e4higkeiten im Verh\u00e4ltnis zu anderen Figur einhergeht. Bei der Zusammenstellung der Armee spielen die Punkte eine wichtige Rolle.<\/li>\n\n\n\n<li><strong>R\u00fcstung <\/strong>(engl. Armour): Anders als bei den Basiswerten handelt es sich um eine Information die wichtig f\u00fcr die erweiterten Regeln sind und dabei den Schutzma\u00df der Figur noch genauer ber\u00fccksichtigt.<\/li>\n\n\n\n<li><strong>Waffen <\/strong>(engl. Weapon): Die Beschreibung mit welchen Waffen die Einheit ausger\u00fcstet ist.<\/li>\n\n\n\n<li><strong>Basegr\u00f6\u00dfe in mm<\/strong> (engl. Base Size): Dieser Wert in mm gibt den Durchmesser des Standfusses der Figur. Dieses spielt bei diversen Regeln eine wichtige Rolle.<\/li>\n\n\n\n<li><strong>Sturmangriff Bonus<\/strong> (engl. Charge Bonus): Der Bonus den man bei einem Sturmangriff auf seinen Schaden erh\u00e4lt.<\/li>\n<\/ul>\n\n\n\n<div style=\"height:51px\" aria-hidden=\"true\" class=\"wp-block-spacer\"><\/div>\n\n\n\n<h2 class=\"wp-block-heading\">Einheitenstruktur (engl. Unit composition)<\/h2>\n\n\n\n<p>Besteht die Einheit aus mehreren Figuren finden sich hier die Details. Darunter k\u00f6nnen zum Beispiel erg\u00e4nzende Angaben zum Anf\u00fchrer, Standartentr\u00e4ger, Musiker und andere Spezialisten stehen. <\/p>\n\n\n\n<p>Zudem stehen hier auch die Punktekosten, wenn weitere Figuren dem Trupp erg\u00e4nzt werden sollen.<\/p>\n\n\n\n<div style=\"height:50px\" aria-hidden=\"true\" class=\"wp-block-spacer\"><\/div>\n\n\n\n<h2 class=\"wp-block-heading\">Fertigkeiten (engl. Warband Skills)<\/h2>\n\n\n\n<p>Sofern die Einheit \u00fcber besondere Fertigkeiten verf\u00fcgt, werden diese hier gelistet.<\/p>\n\n\n\n<div style=\"height:50px\" aria-hidden=\"true\" class=\"wp-block-spacer\"><\/div>\n\n\n\n<h2 class=\"wp-block-heading\">Waffen Profil (engl. Weapons Stats)<\/h2>\n\n\n\n<figure class=\"wp-block-image aligncenter size-full\"><img decoding=\"async\" width=\"600\" height=\"393\" src=\"https:\/\/www.chronopia.world\/de\/wp-content\/uploads\/sites\/9\/2023\/07\/stats_01.jpg\" alt=\"\" class=\"wp-image-183\" srcset=\"https:\/\/www.chronopia.world\/de\/wp-content\/uploads\/sites\/9\/2023\/07\/stats_01.jpg 600w, https:\/\/www.chronopia.world\/de\/wp-content\/uploads\/sites\/9\/2023\/07\/stats_01-300x197.jpg 300w\" sizes=\"(max-width: 600px) 100vw, 600px\" \/><figcaption class=\"wp-element-caption\">Ausr\u00fcstungskarte f\u00fcr eine Waffe (engl).<\/figcaption><\/figure>\n\n\n\n<p>Waffen und Schilde haben ihr eigenes Profil. Sie haben die meisten bzw. alle die gleichen Angaben wie folgt:<\/p>\n\n\n\n<ul class=\"wp-block-list\">\n<li><strong>Name <\/strong>(engl. Name): Bezeichnung der Waffe.<\/li>\n\n\n\n<li><strong>R\u00fcstungsdurchdringungsstufe <\/strong>(RDS, engl. Armour Piercing Level, APL): Ist Bestandteil der erweiterten Spielregeln und zeigt an wie gut sie eine R\u00fcstung durchdringen kann.<\/li>\n\n\n\n<li><strong>Reichweite <\/strong>(Reichw., engl. Range): Die, gemessen in Zoll, effektive Reichweite der Waffe.<\/li>\n\n\n\n<li><strong>Attackenanzahl <\/strong>(Attacken, engl. Numbers of Attacks, NoA): Anzahl der Angriffsw\u00fcrfe in einem Nah-  bzw. Fernangriff.<\/li>\n\n\n\n<li><strong>Kritisch <\/strong>(engl. Cristic): Bei diesen W\u00fcrfelwerten wird ein kritisches Ergebnis erreicht.<\/li>\n\n\n\n<li><strong>Schaden <\/strong>(SCH, engl. Damage, Dam): Mit diesem Wert wird die H\u00f6he des Schadens angezeigt die eine Waffe verusachen kann.<\/li>\n\n\n\n<li><strong>Waffenfertigkeiten <\/strong>(engl. Weapon Skill): Sofern die Waffe \u00fcber besondere Fertigkeiten verf\u00fcgt, werden die hier angegeben.<\/li>\n<\/ul>\n\n\n\n<p><\/p>\n","protected":false},"excerpt":{"rendered":"<p>Jede Figur \/ Einheit besitzt, um seine F\u00e4higkeiten auf dem Schlachtfeld darzustellen, ein individuelles Profil. Die Profile jeder Figur \/ Einheit finden sich entweder in den Armeelisten des Regelwerk oder k\u00fcnftigen Erg\u00e4nzungen, als auch auf den Einheitenkarten (Unit Cards) die den Figuren beiliegen. Basiswerte der Profile Unter dem Namen der Einheit folgen in wei\u00dfen Kreisen [&hellip;]<\/p>\n","protected":false},"author":3,"featured_media":0,"parent":0,"menu_order":0,"comment_status":"closed","ping_status":"closed","template":"","meta":{"site-sidebar-layout":"default","site-content-layout":"","ast-site-content-layout":"default","site-content-style":"default","site-sidebar-style":"default","ast-global-header-display":"","ast-banner-title-visibility":"","ast-main-header-display":"","ast-hfb-above-header-display":"","ast-hfb-below-header-display":"","ast-hfb-mobile-header-display":"","site-post-title":"","ast-breadcrumbs-content":"","ast-featured-img":"","footer-sml-layout":"","theme-transparent-header-meta":"","adv-header-id-meta":"","stick-header-meta":"","header-above-stick-meta":"","header-main-stick-meta":"","header-below-stick-meta":"","astra-migrate-meta-layouts":"default","ast-page-background-enabled":"default","ast-page-background-meta":{"desktop":{"background-color":"var(--ast-global-color-4)","background-image":"","background-repeat":"repeat","background-position":"center center","background-size":"auto","background-attachment":"scroll","background-type":"","background-media":"","overlay-type":"","overlay-color":"","overlay-opacity":"","overlay-gradient":""},"tablet":{"background-color":"","background-image":"","background-repeat":"repeat","background-position":"center center","background-size":"auto","background-attachment":"scroll","background-type":"","background-media":"","overlay-type":"","overlay-color":"","overlay-opacity":"","overlay-gradient":""},"mobile":{"background-color":"","background-image":"","background-repeat":"repeat","background-position":"center center","background-size":"auto","background-attachment":"scroll","background-type":"","background-media":"","overlay-type":"","overlay-color":"","overlay-opacity":"","overlay-gradient":""}},"ast-content-background-meta":{"desktop":{"background-color":"var(--ast-global-color-5)","background-image":"","background-repeat":"repeat","background-position":"center center","background-size":"auto","background-attachment":"scroll","background-type":"","background-media":"","overlay-type":"","overlay-color":"","overlay-opacity":"","overlay-gradient":""},"tablet":{"background-color":"var(--ast-global-color-5)","background-image":"","background-repeat":"repeat","background-position":"center center","background-size":"auto","background-attachment":"scroll","background-type":"","background-media":"","overlay-type":"","overlay-color":"","overlay-opacity":"","overlay-gradient":""},"mobile":{"background-color":"var(--ast-global-color-5)","background-image":"","background-repeat":"repeat","background-position":"center center","background-size":"auto","background-attachment":"scroll","background-type":"","background-media":"","overlay-type":"","overlay-color":"","overlay-opacity":"","overlay-gradient":""}},"footnotes":""},"class_list":["post-10","page","type-page","status-publish","hentry"],"_links":{"self":[{"href":"https:\/\/www.chronopia.world\/de\/wp-json\/wp\/v2\/pages\/10","targetHints":{"allow":["GET"]}}],"collection":[{"href":"https:\/\/www.chronopia.world\/de\/wp-json\/wp\/v2\/pages"}],"about":[{"href":"https:\/\/www.chronopia.world\/de\/wp-json\/wp\/v2\/types\/page"}],"author":[{"embeddable":true,"href":"https:\/\/www.chronopia.world\/de\/wp-json\/wp\/v2\/users\/3"}],"replies":[{"embeddable":true,"href":"https:\/\/www.chronopia.world\/de\/wp-json\/wp\/v2\/comments?post=10"}],"version-history":[{"count":5,"href":"https:\/\/www.chronopia.world\/de\/wp-json\/wp\/v2\/pages\/10\/revisions"}],"predecessor-version":[{"id":186,"href":"https:\/\/www.chronopia.world\/de\/wp-json\/wp\/v2\/pages\/10\/revisions\/186"}],"wp:attachment":[{"href":"https:\/\/www.chronopia.world\/de\/wp-json\/wp\/v2\/media?parent=10"}],"curies":[{"name":"wp","href":"https:\/\/api.w.org\/{rel}","templated":true}]}}