{"id":12,"date":"2023-07-10T06:06:50","date_gmt":"2023-07-10T06:06:50","guid":{"rendered":"https:\/\/www.chronopia.world\/de\/?page_id=12"},"modified":"2023-08-01T08:40:47","modified_gmt":"2023-08-01T08:40:47","slug":"produkte","status":"publish","type":"page","link":"https:\/\/www.chronopia.world\/de\/produkte\/","title":{"rendered":"Produkte"},"content":{"rendered":"\n<p>Bisher sind noch keine regul\u00e4ren Produkte zur dritten Edition erschienen.<\/p>\n\n\n\n<p>Urspr\u00fcnglich f\u00fcr Ende 2022 war der Versand des ersten Kickstarter geplant. Die deutsche Version ungef\u00e4hr zwei Monate sp\u00e4ter. Dieses hat sich aus verschiedenen Gr\u00fcnden auf mindestens ein Jahr verschoben (siehe entsprechenden Angaben auf der Kickstarterseite).<\/p>\n\n\n\n<p>In diesem Bereich finden sich daher vorl\u00e4ufige Informationen zu den kommenden Produkte, Regeln und Figuren.<\/p>\n\n\n\n<figure class=\"wp-block-image aligncenter size-full\"><img fetchpriority=\"high\" decoding=\"async\" width=\"771\" height=\"880\" src=\"https:\/\/www.chronopia.world\/de\/wp-content\/uploads\/sites\/9\/2023\/08\/minis_troll.jpg\" alt=\"\" class=\"wp-image-214\" srcset=\"https:\/\/www.chronopia.world\/de\/wp-content\/uploads\/sites\/9\/2023\/08\/minis_troll.jpg 771w, https:\/\/www.chronopia.world\/de\/wp-content\/uploads\/sites\/9\/2023\/08\/minis_troll-263x300.jpg 263w, https:\/\/www.chronopia.world\/de\/wp-content\/uploads\/sites\/9\/2023\/08\/minis_troll-768x877.jpg 768w\" sizes=\"(max-width: 771px) 100vw, 771px\" \/><figcaption class=\"wp-element-caption\">Troll der Schwarzbl\u00fcter (Vorproduktionsmodell aus Resin, bemalt von Martin Grandbarbe)<\/figcaption><\/figure>\n\n\n\n<p><\/p>\n\n\n\n<p><\/p>\n","protected":false},"excerpt":{"rendered":"<p>Bisher sind noch keine regul\u00e4ren Produkte zur dritten Edition erschienen. Urspr\u00fcnglich f\u00fcr Ende 2022 war der Versand des ersten Kickstarter geplant. Die deutsche Version ungef\u00e4hr zwei Monate sp\u00e4ter. Dieses hat sich aus verschiedenen Gr\u00fcnden auf mindestens ein Jahr verschoben (siehe entsprechenden Angaben auf der Kickstarterseite). In diesem Bereich finden sich daher vorl\u00e4ufige Informationen zu den [&hellip;]<\/p>\n","protected":false},"author":3,"featured_media":0,"parent":0,"menu_order":0,"comment_status":"closed","ping_status":"closed","template":"","meta":{"site-sidebar-layout":"default","site-content-layout":"","ast-site-content-layout":"default","site-content-style":"default","site-sidebar-style":"default","ast-global-header-display":"","ast-banner-title-visibility":"","ast-main-header-display":"","ast-hfb-above-header-display":"","ast-hfb-below-header-display":"","ast-hfb-mobile-header-display":"","site-post-title":"","ast-breadcrumbs-content":"","ast-featured-img":"","footer-sml-layout":"","theme-transparent-header-meta":"","adv-header-id-meta":"","stick-header-meta":"","header-above-stick-meta":"","header-main-stick-meta":"","header-below-stick-meta":"","astra-migrate-meta-layouts":"default","ast-page-background-enabled":"default","ast-page-background-meta":{"desktop":{"background-color":"var(--ast-global-color-4)","background-image":"","background-repeat":"repeat","background-position":"center center","background-size":"auto","background-attachment":"scroll","background-type":"","background-media":"","overlay-type":"","overlay-color":"","overlay-opacity":"","overlay-gradient":""},"tablet":{"background-color":"","background-image":"","background-repeat":"repeat","background-position":"center center","background-size":"auto","background-attachment":"scroll","background-type":"","background-media":"","overlay-type":"","overlay-color":"","overlay-opacity":"","overlay-gradient":""},"mobile":{"background-color":"","background-image":"","background-repeat":"repeat","background-position":"center center","background-size":"auto","background-attachment":"scroll","background-type":"","background-media":"","overlay-type":"","overlay-color":"","overlay-opacity":"","overlay-gradient":""}},"ast-content-background-meta":{"desktop":{"background-color":"var(--ast-global-color-5)","background-image":"","background-repeat":"repeat","background-position":"center center","background-size":"auto","background-attachment":"scroll","background-type":"","background-media":"","overlay-type":"","overlay-color":"","overlay-opacity":"","overlay-gradient":""},"tablet":{"background-color":"var(--ast-global-color-5)","background-image":"","background-repeat":"repeat","background-position":"center center","background-size":"auto","background-attachment":"scroll","background-type":"","background-media":"","overlay-type":"","overlay-color":"","overlay-opacity":"","overlay-gradient":""},"mobile":{"background-color":"var(--ast-global-color-5)","background-image":"","background-repeat":"repeat","background-position":"center center","background-size":"auto","background-attachment":"scroll","background-type":"","background-media":"","overlay-type":"","overlay-color":"","overlay-opacity":"","overlay-gradient":""}},"footnotes":""},"class_list":["post-12","page","type-page","status-publish","hentry"],"_links":{"self":[{"href":"https:\/\/www.chronopia.world\/de\/wp-json\/wp\/v2\/pages\/12","targetHints":{"allow":["GET"]}}],"collection":[{"href":"https:\/\/www.chronopia.world\/de\/wp-json\/wp\/v2\/pages"}],"about":[{"href":"https:\/\/www.chronopia.world\/de\/wp-json\/wp\/v2\/types\/page"}],"author":[{"embeddable":true,"href":"https:\/\/www.chronopia.world\/de\/wp-json\/wp\/v2\/users\/3"}],"replies":[{"embeddable":true,"href":"https:\/\/www.chronopia.world\/de\/wp-json\/wp\/v2\/comments?post=12"}],"version-history":[{"count":2,"href":"https:\/\/www.chronopia.world\/de\/wp-json\/wp\/v2\/pages\/12\/revisions"}],"predecessor-version":[{"id":215,"href":"https:\/\/www.chronopia.world\/de\/wp-json\/wp\/v2\/pages\/12\/revisions\/215"}],"wp:attachment":[{"href":"https:\/\/www.chronopia.world\/de\/wp-json\/wp\/v2\/media?parent=12"}],"curies":[{"name":"wp","href":"https:\/\/api.w.org\/{rel}","templated":true}]}}