{"id":13,"date":"2023-07-10T06:06:50","date_gmt":"2023-07-10T06:06:50","guid":{"rendered":"https:\/\/www.chronopia.world\/de\/?page_id=13"},"modified":"2023-08-02T11:04:07","modified_gmt":"2023-08-02T11:04:07","slug":"das-regelwerk","status":"publish","type":"page","link":"https:\/\/www.chronopia.world\/de\/das-regelwerk\/","title":{"rendered":"Das Regelwerk"},"content":{"rendered":"\n<figure class=\"wp-block-image aligncenter size-full\"><img fetchpriority=\"high\" decoding=\"async\" width=\"634\" height=\"799\" src=\"https:\/\/www.chronopia.world\/de\/wp-content\/uploads\/sites\/9\/2023\/08\/product_rulebook.png\" alt=\"\" class=\"wp-image-216\" srcset=\"https:\/\/www.chronopia.world\/de\/wp-content\/uploads\/sites\/9\/2023\/08\/product_rulebook.png 634w, https:\/\/www.chronopia.world\/de\/wp-content\/uploads\/sites\/9\/2023\/08\/product_rulebook-238x300.png 238w\" sizes=\"(max-width: 634px) 100vw, 634px\" \/><\/figure>\n\n\n\n<p>Das Regelwerk enth\u00e4lt:<\/p>\n\n\n\n<ul class=\"wp-block-list\">\n<li>Detaillierte Beschreibung der L\u00e4nder und Reiche von Chronopia.\n<ul class=\"wp-block-list\">\n<li>Die Geschichte von Chronopia.<\/li>\n\n\n\n<li>Beschreibung der wichtiges Personen von Chronopia.<\/li>\n\n\n\n<li>Geschichte jeder Fraktion.<\/li>\n\n\n\n<li>Kurzgeschichten<\/li>\n<\/ul>\n<\/li>\n\n\n\n<li>Spielregeln:\n<ul class=\"wp-block-list\">\n<li>Spieler gegen Spieler in vier verschiedenen Spielgr\u00f6\u00dfenstufen\n<ul class=\"wp-block-list\">\n<li>Helden Skirmish Stufe &#8211; Ein Spiel auf dieser Stufe wird grunds\u00e4tzlich mit nur wenigen Figuren durchgef\u00fchrt. Die Gefechte erfolgen innerhalb von Ortschaften oder tief unter der Erde und drehen sich Spionage oder die Entf\u00fchrung der Tochter eines feindlichen Generals. Mindestens 75 % des Schlachtfelds sollten mit Gel\u00e4nde bedeckt sein. Gespielt auf einem 3\u2019x3\u2032 gro\u00dfem Spielfeld.<\/li>\n\n\n\n<li>Patrouillenstufe &#8211; EIne Spielstufe mit etwa 15 bis 20 Figuren je Seite. Typische Patrouillen- und Aufkl\u00e4rungsmissionen finden unweit von Befestigungen, W\u00e4ldern, usw. statt. Mindestens 50 % des Schlachtfelds sollten mit Gel\u00e4nde bedeckt sein. Gespielt auf einem 3\u2019x3\u2032 gro\u00dfen Spielfeld.<\/li>\n\n\n\n<li>Armeestufe &#8211; Die klassische Spielgr\u00f6\u00dfe mit bis zu 40 Figuren je Seite. Da Armeen normalerweise auf einem offenem Feld aufeinandertreffen, empfiehlt es sich, das nicht mehr als 25 % des Schlachtfelds \u00fcber Gel\u00e4nde verf\u00fcgt. Es k\u00f6nnten sich hierbei, als Zeuge des Blutvergie\u00dfen, um ein S\u00e4gewerk, einen Teich, einen kleinen Wald oder einen Tempel handeln Gespielt auf einem 4\u2019x6\u2032 gro\u00dfen Spielfeld.<\/li>\n\n\n\n<li>Gro\u00dfarmeestufe &#8211; Hierbei handelt es sich um die Darstellung einer epischen Schlacht mit mehr als 50 Miniaturen je Seite. Empfohlen sind hier maximal zwei kleine Gel\u00e4ndest\u00fccke die eine gro\u00dfe Schlacht nicht blockieren aber f\u00fcr Flair sorgen. Denken bei so einem Gefecht daf\u00fcr einen Schreiber zu engagieren der die Schlacht dokumentiert. Gespielt auf einem 4\u2019x6\u2032 gro\u00dfen Spielfeld.<\/li>\n<\/ul>\n<\/li>\n\n\n\n<li>Battle Royale &#8211; Spielmodus f\u00fcr eine ungerade Anzahl an Spielern. (Je mehr, desto besser)<\/li>\n<\/ul>\n<\/li>\n<\/ul>\n\n\n\n<ul class=\"wp-block-list\">\n<li>Armeeregeln f\u00fcr die f\u00fcnf Hauptfraktionen\n<ul class=\"wp-block-list\">\n<li>Erstgeborenen<\/li>\n\n\n\n<li>Elfen des Hauses des Kristall-Lotus<\/li>\n\n\n\n<li>Zwerge des Klan der Geh\u00f6rnten<\/li>\n\n\n\n<li>Schwarzbl\u00fcter<\/li>\n\n\n\n<li>Lakaien<\/li>\n<\/ul>\n<\/li>\n<\/ul>\n\n\n\n<ul class=\"wp-block-list\">\n<li>Szenarien, Wetter, Turnier- bzw. Wettkampfregeln\n<ul class=\"wp-block-list\">\n<li>Geschichtsbasierte Szenarien f\u00fcr jede Spielgr\u00f6\u00dfe<\/li>\n\n\n\n<li>F\u00fcr das wettkampfausgelegte Spielen gibt es 6 Hauptmissionen, 9 Geheimmissionen und 12 Aufstelllungsvarianten. Das ergibt 648 verschiedene Varianten um Chronopia zu spielen.<\/li>\n\n\n\n<li>Die Wetterregeln erweitern das Spiel um eine Simulation der Umgebung und dessen Auswirkungen auf dem Schlachtfeld. Bestandteil der fortgeschrittenen Regeln<\/li>\n<\/ul>\n<\/li>\n<\/ul>\n","protected":false},"excerpt":{"rendered":"<p>Das Regelwerk enth\u00e4lt:<\/p>\n","protected":false},"author":3,"featured_media":0,"parent":0,"menu_order":0,"comment_status":"closed","ping_status":"closed","template":"","meta":{"site-sidebar-layout":"default","site-content-layout":"","ast-site-content-layout":"default","site-content-style":"default","site-sidebar-style":"default","ast-global-header-display":"","ast-banner-title-visibility":"","ast-main-header-display":"","ast-hfb-above-header-display":"","ast-hfb-below-header-display":"","ast-hfb-mobile-header-display":"","site-post-title":"","ast-breadcrumbs-content":"","ast-featured-img":"","footer-sml-layout":"","theme-transparent-header-meta":"","adv-header-id-meta":"","stick-header-meta":"","header-above-stick-meta":"","header-main-stick-meta":"","header-below-stick-meta":"","astra-migrate-meta-layouts":"default","ast-page-background-enabled":"default","ast-page-background-meta":{"desktop":{"background-color":"var(--ast-global-color-4)","background-image":"","background-repeat":"repeat","background-position":"center center","background-size":"auto","background-attachment":"scroll","background-type":"","background-media":"","overlay-type":"","overlay-color":"","overlay-opacity":"","overlay-gradient":""},"tablet":{"background-color":"","background-image":"","background-repeat":"repeat","background-position":"center center","background-size":"auto","background-attachment":"scroll","background-type":"","background-media":"","overlay-type":"","overlay-color":"","overlay-opacity":"","overlay-gradient":""},"mobile":{"background-color":"","background-image":"","background-repeat":"repeat","background-position":"center center","background-size":"auto","background-attachment":"scroll","background-type":"","background-media":"","overlay-type":"","overlay-color":"","overlay-opacity":"","overlay-gradient":""}},"ast-content-background-meta":{"desktop":{"background-color":"var(--ast-global-color-5)","background-image":"","background-repeat":"repeat","background-position":"center center","background-size":"auto","background-attachment":"scroll","background-type":"","background-media":"","overlay-type":"","overlay-color":"","overlay-opacity":"","overlay-gradient":""},"tablet":{"background-color":"var(--ast-global-color-5)","background-image":"","background-repeat":"repeat","background-position":"center center","background-size":"auto","background-attachment":"scroll","background-type":"","background-media":"","overlay-type":"","overlay-color":"","overlay-opacity":"","overlay-gradient":""},"mobile":{"background-color":"var(--ast-global-color-5)","background-image":"","background-repeat":"repeat","background-position":"center center","background-size":"auto","background-attachment":"scroll","background-type":"","background-media":"","overlay-type":"","overlay-color":"","overlay-opacity":"","overlay-gradient":""}},"footnotes":""},"class_list":["post-13","page","type-page","status-publish","hentry"],"_links":{"self":[{"href":"https:\/\/www.chronopia.world\/de\/wp-json\/wp\/v2\/pages\/13","targetHints":{"allow":["GET"]}}],"collection":[{"href":"https:\/\/www.chronopia.world\/de\/wp-json\/wp\/v2\/pages"}],"about":[{"href":"https:\/\/www.chronopia.world\/de\/wp-json\/wp\/v2\/types\/page"}],"author":[{"embeddable":true,"href":"https:\/\/www.chronopia.world\/de\/wp-json\/wp\/v2\/users\/3"}],"replies":[{"embeddable":true,"href":"https:\/\/www.chronopia.world\/de\/wp-json\/wp\/v2\/comments?post=13"}],"version-history":[{"count":5,"href":"https:\/\/www.chronopia.world\/de\/wp-json\/wp\/v2\/pages\/13\/revisions"}],"predecessor-version":[{"id":232,"href":"https:\/\/www.chronopia.world\/de\/wp-json\/wp\/v2\/pages\/13\/revisions\/232"}],"wp:attachment":[{"href":"https:\/\/www.chronopia.world\/de\/wp-json\/wp\/v2\/media?parent=13"}],"curies":[{"name":"wp","href":"https:\/\/api.w.org\/{rel}","templated":true}]}}