{"id":14,"date":"2023-07-10T06:06:50","date_gmt":"2023-07-10T06:06:50","guid":{"rendered":"https:\/\/www.chronopia.world\/de\/?page_id=14"},"modified":"2023-08-02T11:22:28","modified_gmt":"2023-08-02T11:22:28","slug":"starterbox","status":"publish","type":"page","link":"https:\/\/www.chronopia.world\/de\/starterbox\/","title":{"rendered":"Starterbox"},"content":{"rendered":"\n<p>Die Starterbox enth\u00e4lt alles wesentliche, damit zwei Spieler um auf der Helden Skirmish Stufe in das Spiel einsteigen k\u00f6nnen. Bitte ber\u00fccksichtige, das die gezeigten Figuren in der Box weder bemalt und zusammengebaut sind, sowie aus mehreren Bestandteilen bestehen.<\/p>\n\n\n\n<h2 class=\"wp-block-heading\">Inhalt<\/h2>\n\n\n\n<p><em>Wie im ersten Kickstarter angeboten.<\/em><\/p>\n\n\n\n<ul class=\"wp-block-list\">\n<li>8 Figuren<\/li>\n\n\n\n<li>6 Einheitenkarten (Unit Cards)<\/li>\n\n\n\n<li>8-11 Ausr\u00fcstungskarten (abh\u00e4ngig von den gew\u00e4hlten Fraktionen)<\/li>\n\n\n\n<li>2 W\u00fcrfel (W20)<\/li>\n\n\n\n<li>1 Bogen mit 72 Marker<\/li>\n\n\n\n<li>1 Starterregelheft<\/li>\n\n\n\n<li>1x Flyer mit einem Link zum PDF des Regelheft<\/li>\n<\/ul>\n\n\n\n<figure class=\"wp-block-image aligncenter size-full\"><img fetchpriority=\"high\" decoding=\"async\" width=\"628\" height=\"315\" src=\"https:\/\/www.chronopia.world\/de\/wp-content\/uploads\/sites\/9\/2023\/08\/product_gameparts.jpg\" alt=\"\" class=\"wp-image-234\" srcset=\"https:\/\/www.chronopia.world\/de\/wp-content\/uploads\/sites\/9\/2023\/08\/product_gameparts.jpg 628w, https:\/\/www.chronopia.world\/de\/wp-content\/uploads\/sites\/9\/2023\/08\/product_gameparts-300x150.jpg 300w\" sizes=\"(max-width: 628px) 100vw, 628px\" \/><figcaption class=\"wp-element-caption\"><em>Teil des Inhalt (Einheiten- und Ausr\u00fcstungskarten, Marker und W\u00fcrfel)<\/em><\/figcaption><\/figure>\n\n\n\n<div style=\"height:50px\" aria-hidden=\"true\" class=\"wp-block-spacer\"><\/div>\n\n\n\n<h2 class=\"wp-block-heading\">Figuren<\/h2>\n\n\n\n<p>Bei den Figuren in der Starterbox handelt es sich um Modelle aus den regul\u00e4ren Truppboxen. Im ersten Kickstarter konnten die Teilnehmer frei w\u00e4hlen welche zwei Fraktionen enthalten sein sollten (deswegen oben auch die unterschiedliche Angabe an Ausr\u00fcstungskarten).<\/p>\n\n\n\n<p>F\u00fcr die H\u00e4ndler war die Fraktion der Lakaien vorgegeben, die zweite Fraktion k\u00f6nnten aber diese frei w\u00e4hlen.<\/p>\n\n\n\n<p>Hier die jeweiligen Figuren je Fraktion die man w\u00e4hlen konnte. <\/p>\n\n\n\n<figure class=\"wp-block-image aligncenter size-full\"><img decoding=\"async\" width=\"557\" height=\"699\" src=\"https:\/\/www.chronopia.world\/de\/wp-content\/uploads\/sites\/9\/2023\/08\/kickstarter_starter02-1.jpg\" alt=\"\" class=\"wp-image-235\" srcset=\"https:\/\/www.chronopia.world\/de\/wp-content\/uploads\/sites\/9\/2023\/08\/kickstarter_starter02-1.jpg 557w, https:\/\/www.chronopia.world\/de\/wp-content\/uploads\/sites\/9\/2023\/08\/kickstarter_starter02-1-239x300.jpg 239w\" sizes=\"(max-width: 557px) 100vw, 557px\" \/><\/figure>\n\n\n\n<p><strong>Beschreibung der Figuren je Fraktion<\/strong><\/p>\n\n\n\n<ul class=\"wp-block-list\">\n<li><strong>Schwarzbl\u00fcter<\/strong>: Orkischer Sch\u00fctze, zwei Orkische Schwertk\u00e4mpfer, Schwere Ogerinfanterie<\/li>\n\n\n\n<li><strong>Lakaien<\/strong>: Erfahrener Schwertk\u00e4mpfer, zwei Getreue Schwertk\u00e4mpfer, Verfluchter<\/li>\n\n\n\n<li><strong>Zwerge <\/strong>(Klan der Geh\u00f6rnten): Kriegsschild, zwei Schwertk\u00e4mpfer der Legion, Axtkrieger<\/li>\n\n\n\n<li><strong>Elfen <\/strong>(Haus des Kristall-Lotus): Sch\u00fctzin, zwei Speerk\u00e4mpfer, Lotus-Gardist<\/li>\n\n\n\n<li><strong>Erstgeborenen<\/strong>: Langbogensch\u00fctze, zwei Schwertk\u00e4mpfer, Eiserner Gardist<\/li>\n<\/ul>\n\n\n\n<p>Hinweis: In der bisher verteilten Demobox waren die Elfen und die Lakaien enthalten.<\/p>\n","protected":false},"excerpt":{"rendered":"<p>Die Starterbox enth\u00e4lt alles wesentliche, damit zwei Spieler um auf der Helden Skirmish Stufe in das Spiel einsteigen k\u00f6nnen. Bitte ber\u00fccksichtige, das die gezeigten Figuren in der Box weder bemalt und zusammengebaut sind, sowie aus mehreren Bestandteilen bestehen. Inhalt Wie im ersten Kickstarter angeboten. Figuren Bei den Figuren in der Starterbox handelt es sich um [&hellip;]<\/p>\n","protected":false},"author":3,"featured_media":0,"parent":0,"menu_order":0,"comment_status":"closed","ping_status":"closed","template":"","meta":{"site-sidebar-layout":"default","site-content-layout":"","ast-site-content-layout":"default","site-content-style":"default","site-sidebar-style":"default","ast-global-header-display":"","ast-banner-title-visibility":"","ast-main-header-display":"","ast-hfb-above-header-display":"","ast-hfb-below-header-display":"","ast-hfb-mobile-header-display":"","site-post-title":"","ast-breadcrumbs-content":"","ast-featured-img":"","footer-sml-layout":"","theme-transparent-header-meta":"","adv-header-id-meta":"","stick-header-meta":"","header-above-stick-meta":"","header-main-stick-meta":"","header-below-stick-meta":"","astra-migrate-meta-layouts":"default","ast-page-background-enabled":"default","ast-page-background-meta":{"desktop":{"background-color":"var(--ast-global-color-4)","background-image":"","background-repeat":"repeat","background-position":"center center","background-size":"auto","background-attachment":"scroll","background-type":"","background-media":"","overlay-type":"","overlay-color":"","overlay-opacity":"","overlay-gradient":""},"tablet":{"background-color":"","background-image":"","background-repeat":"repeat","background-position":"center center","background-size":"auto","background-attachment":"scroll","background-type":"","background-media":"","overlay-type":"","overlay-color":"","overlay-opacity":"","overlay-gradient":""},"mobile":{"background-color":"","background-image":"","background-repeat":"repeat","background-position":"center center","background-size":"auto","background-attachment":"scroll","background-type":"","background-media":"","overlay-type":"","overlay-color":"","overlay-opacity":"","overlay-gradient":""}},"ast-content-background-meta":{"desktop":{"background-color":"var(--ast-global-color-5)","background-image":"","background-repeat":"repeat","background-position":"center center","background-size":"auto","background-attachment":"scroll","background-type":"","background-media":"","overlay-type":"","overlay-color":"","overlay-opacity":"","overlay-gradient":""},"tablet":{"background-color":"var(--ast-global-color-5)","background-image":"","background-repeat":"repeat","background-position":"center center","background-size":"auto","background-attachment":"scroll","background-type":"","background-media":"","overlay-type":"","overlay-color":"","overlay-opacity":"","overlay-gradient":""},"mobile":{"background-color":"var(--ast-global-color-5)","background-image":"","background-repeat":"repeat","background-position":"center center","background-size":"auto","background-attachment":"scroll","background-type":"","background-media":"","overlay-type":"","overlay-color":"","overlay-opacity":"","overlay-gradient":""}},"footnotes":""},"class_list":["post-14","page","type-page","status-publish","hentry"],"_links":{"self":[{"href":"https:\/\/www.chronopia.world\/de\/wp-json\/wp\/v2\/pages\/14","targetHints":{"allow":["GET"]}}],"collection":[{"href":"https:\/\/www.chronopia.world\/de\/wp-json\/wp\/v2\/pages"}],"about":[{"href":"https:\/\/www.chronopia.world\/de\/wp-json\/wp\/v2\/types\/page"}],"author":[{"embeddable":true,"href":"https:\/\/www.chronopia.world\/de\/wp-json\/wp\/v2\/users\/3"}],"replies":[{"embeddable":true,"href":"https:\/\/www.chronopia.world\/de\/wp-json\/wp\/v2\/comments?post=14"}],"version-history":[{"count":3,"href":"https:\/\/www.chronopia.world\/de\/wp-json\/wp\/v2\/pages\/14\/revisions"}],"predecessor-version":[{"id":238,"href":"https:\/\/www.chronopia.world\/de\/wp-json\/wp\/v2\/pages\/14\/revisions\/238"}],"wp:attachment":[{"href":"https:\/\/www.chronopia.world\/de\/wp-json\/wp\/v2\/media?parent=14"}],"curies":[{"name":"wp","href":"https:\/\/api.w.org\/{rel}","templated":true}]}}