{"id":15,"date":"2023-07-10T06:06:51","date_gmt":"2023-07-10T06:06:51","guid":{"rendered":"https:\/\/www.chronopia.world\/de\/?page_id=15"},"modified":"2023-08-02T11:29:13","modified_gmt":"2023-08-02T11:29:13","slug":"miniaturen","status":"publish","type":"page","link":"https:\/\/www.chronopia.world\/de\/miniaturen\/","title":{"rendered":"Miniaturen"},"content":{"rendered":"\n<p>Auf dieser Seite ein paar Beispiele aus dem kommenden Produktprogramm.<\/p>\n\n\n\n<p>Bei den hier gezeigten Figuren handelt es Vorproduktionsmodelle aus Resin und wurden durch Martin Gandbarbe bemalt.<\/p>\n\n\n\n<p>Die regul\u00e4ren Figuren werden in SioCast produziert.<\/p>\n\n\n\n<div style=\"height:50px\" aria-hidden=\"true\" class=\"wp-block-spacer\"><\/div>\n\n\n\n<h2 class=\"wp-block-heading\">Troll der Schwarzbl\u00fcter<\/h2>\n\n\n\n<figure class=\"wp-block-image aligncenter size-full\"><img fetchpriority=\"high\" decoding=\"async\" width=\"799\" height=\"1024\" src=\"https:\/\/www.chronopia.world\/de\/wp-content\/uploads\/sites\/9\/2023\/08\/minis_troll01-799x1024-1.jpg\" alt=\"\" class=\"wp-image-241\" srcset=\"https:\/\/www.chronopia.world\/de\/wp-content\/uploads\/sites\/9\/2023\/08\/minis_troll01-799x1024-1.jpg 799w, https:\/\/www.chronopia.world\/de\/wp-content\/uploads\/sites\/9\/2023\/08\/minis_troll01-799x1024-1-234x300.jpg 234w, https:\/\/www.chronopia.world\/de\/wp-content\/uploads\/sites\/9\/2023\/08\/minis_troll01-799x1024-1-768x984.jpg 768w\" sizes=\"(max-width: 799px) 100vw, 799px\" \/><\/figure>\n\n\n\n<figure class=\"wp-block-image aligncenter size-full\"><img decoding=\"async\" width=\"835\" height=\"1024\" src=\"https:\/\/www.chronopia.world\/de\/wp-content\/uploads\/sites\/9\/2023\/08\/minis_troll02-835x1024-1.jpg\" alt=\"\" class=\"wp-image-243\" srcset=\"https:\/\/www.chronopia.world\/de\/wp-content\/uploads\/sites\/9\/2023\/08\/minis_troll02-835x1024-1.jpg 835w, https:\/\/www.chronopia.world\/de\/wp-content\/uploads\/sites\/9\/2023\/08\/minis_troll02-835x1024-1-245x300.jpg 245w, https:\/\/www.chronopia.world\/de\/wp-content\/uploads\/sites\/9\/2023\/08\/minis_troll02-835x1024-1-768x942.jpg 768w\" sizes=\"(max-width: 835px) 100vw, 835px\" \/><\/figure>\n\n\n\n<div style=\"height:50px\" aria-hidden=\"true\" class=\"wp-block-spacer\"><\/div>\n\n\n\n<h2 class=\"wp-block-heading\">Kristall-Ritter der Elfen<\/h2>\n\n\n\n<figure class=\"wp-block-image aligncenter size-full\"><img decoding=\"async\" width=\"847\" height=\"888\" src=\"https:\/\/www.chronopia.world\/de\/wp-content\/uploads\/sites\/9\/2023\/08\/minis_knightelv01.jpg\" alt=\"\" class=\"wp-image-244\" srcset=\"https:\/\/www.chronopia.world\/de\/wp-content\/uploads\/sites\/9\/2023\/08\/minis_knightelv01.jpg 847w, https:\/\/www.chronopia.world\/de\/wp-content\/uploads\/sites\/9\/2023\/08\/minis_knightelv01-286x300.jpg 286w, https:\/\/www.chronopia.world\/de\/wp-content\/uploads\/sites\/9\/2023\/08\/minis_knightelv01-768x805.jpg 768w\" sizes=\"(max-width: 847px) 100vw, 847px\" \/><\/figure>\n\n\n\n<figure class=\"wp-block-image aligncenter size-full\"><img loading=\"lazy\" decoding=\"async\" width=\"779\" height=\"896\" src=\"https:\/\/www.chronopia.world\/de\/wp-content\/uploads\/sites\/9\/2023\/08\/minis_knightelv02.jpg\" alt=\"\" class=\"wp-image-245\" srcset=\"https:\/\/www.chronopia.world\/de\/wp-content\/uploads\/sites\/9\/2023\/08\/minis_knightelv02.jpg 779w, https:\/\/www.chronopia.world\/de\/wp-content\/uploads\/sites\/9\/2023\/08\/minis_knightelv02-261x300.jpg 261w, https:\/\/www.chronopia.world\/de\/wp-content\/uploads\/sites\/9\/2023\/08\/minis_knightelv02-768x883.jpg 768w\" sizes=\"(max-width: 779px) 100vw, 779px\" \/><\/figure>\n\n\n\n<div style=\"height:50px\" aria-hidden=\"true\" class=\"wp-block-spacer\"><\/div>\n\n\n\n<h2 class=\"wp-block-heading\">Zwielichtd\u00e4mon der Lakaien<\/h2>\n\n\n\n<figure class=\"wp-block-image aligncenter size-full\"><img loading=\"lazy\" decoding=\"async\" width=\"850\" height=\"1024\" src=\"https:\/\/www.chronopia.world\/de\/wp-content\/uploads\/sites\/9\/2023\/08\/minis_demon01-850x1024-1.jpg\" alt=\"\" class=\"wp-image-246\" srcset=\"https:\/\/www.chronopia.world\/de\/wp-content\/uploads\/sites\/9\/2023\/08\/minis_demon01-850x1024-1.jpg 850w, https:\/\/www.chronopia.world\/de\/wp-content\/uploads\/sites\/9\/2023\/08\/minis_demon01-850x1024-1-249x300.jpg 249w, https:\/\/www.chronopia.world\/de\/wp-content\/uploads\/sites\/9\/2023\/08\/minis_demon01-850x1024-1-768x925.jpg 768w\" sizes=\"(max-width: 850px) 100vw, 850px\" \/><\/figure>\n\n\n\n<figure class=\"wp-block-image aligncenter size-full\"><img loading=\"lazy\" decoding=\"async\" width=\"798\" height=\"1024\" src=\"https:\/\/www.chronopia.world\/de\/wp-content\/uploads\/sites\/9\/2023\/08\/minis_demon02-798x1024-1.jpg\" alt=\"\" class=\"wp-image-247\" srcset=\"https:\/\/www.chronopia.world\/de\/wp-content\/uploads\/sites\/9\/2023\/08\/minis_demon02-798x1024-1.jpg 798w, https:\/\/www.chronopia.world\/de\/wp-content\/uploads\/sites\/9\/2023\/08\/minis_demon02-798x1024-1-234x300.jpg 234w, https:\/\/www.chronopia.world\/de\/wp-content\/uploads\/sites\/9\/2023\/08\/minis_demon02-798x1024-1-768x986.jpg 768w\" sizes=\"(max-width: 798px) 100vw, 798px\" \/><\/figure>\n\n\n\n<div style=\"height:50px\" aria-hidden=\"true\" class=\"wp-block-spacer\"><\/div>\n\n\n\n<h2 class=\"wp-block-heading\">Gr\u00f6\u00dfenvergleich<\/h2>\n\n\n\n<figure class=\"wp-block-image aligncenter size-full\"><img loading=\"lazy\" decoding=\"async\" width=\"1024\" height=\"734\" src=\"https:\/\/www.chronopia.world\/de\/wp-content\/uploads\/sites\/9\/2023\/08\/minis_fight01-1024x734-1.jpg\" alt=\"\" class=\"wp-image-248\" srcset=\"https:\/\/www.chronopia.world\/de\/wp-content\/uploads\/sites\/9\/2023\/08\/minis_fight01-1024x734-1.jpg 1024w, https:\/\/www.chronopia.world\/de\/wp-content\/uploads\/sites\/9\/2023\/08\/minis_fight01-1024x734-1-300x215.jpg 300w, https:\/\/www.chronopia.world\/de\/wp-content\/uploads\/sites\/9\/2023\/08\/minis_fight01-1024x734-1-768x551.jpg 768w\" sizes=\"(max-width: 1024px) 100vw, 1024px\" \/><\/figure>\n\n\n\n<figure class=\"wp-block-image aligncenter size-full\"><img loading=\"lazy\" decoding=\"async\" width=\"1024\" height=\"606\" src=\"https:\/\/www.chronopia.world\/de\/wp-content\/uploads\/sites\/9\/2023\/08\/minis_fight02-1024x606-1.jpg\" alt=\"\" class=\"wp-image-249\" srcset=\"https:\/\/www.chronopia.world\/de\/wp-content\/uploads\/sites\/9\/2023\/08\/minis_fight02-1024x606-1.jpg 1024w, https:\/\/www.chronopia.world\/de\/wp-content\/uploads\/sites\/9\/2023\/08\/minis_fight02-1024x606-1-300x178.jpg 300w, https:\/\/www.chronopia.world\/de\/wp-content\/uploads\/sites\/9\/2023\/08\/minis_fight02-1024x606-1-768x455.jpg 768w\" sizes=\"(max-width: 1024px) 100vw, 1024px\" \/><\/figure>\n","protected":false},"excerpt":{"rendered":"<p>Auf dieser Seite ein paar Beispiele aus dem kommenden Produktprogramm. Bei den hier gezeigten Figuren handelt es Vorproduktionsmodelle aus Resin und wurden durch Martin Gandbarbe bemalt. Die regul\u00e4ren Figuren werden in SioCast produziert. Troll der Schwarzbl\u00fcter Kristall-Ritter der Elfen Zwielichtd\u00e4mon der Lakaien Gr\u00f6\u00dfenvergleich<\/p>\n","protected":false},"author":3,"featured_media":0,"parent":0,"menu_order":0,"comment_status":"closed","ping_status":"closed","template":"","meta":{"site-sidebar-layout":"default","site-content-layout":"","ast-site-content-layout":"default","site-content-style":"default","site-sidebar-style":"default","ast-global-header-display":"","ast-banner-title-visibility":"","ast-main-header-display":"","ast-hfb-above-header-display":"","ast-hfb-below-header-display":"","ast-hfb-mobile-header-display":"","site-post-title":"","ast-breadcrumbs-content":"","ast-featured-img":"","footer-sml-layout":"","theme-transparent-header-meta":"","adv-header-id-meta":"","stick-header-meta":"","header-above-stick-meta":"","header-main-stick-meta":"","header-below-stick-meta":"","astra-migrate-meta-layouts":"default","ast-page-background-enabled":"default","ast-page-background-meta":{"desktop":{"background-color":"var(--ast-global-color-4)","background-image":"","background-repeat":"repeat","background-position":"center center","background-size":"auto","background-attachment":"scroll","background-type":"","background-media":"","overlay-type":"","overlay-color":"","overlay-opacity":"","overlay-gradient":""},"tablet":{"background-color":"","background-image":"","background-repeat":"repeat","background-position":"center center","background-size":"auto","background-attachment":"scroll","background-type":"","background-media":"","overlay-type":"","overlay-color":"","overlay-opacity":"","overlay-gradient":""},"mobile":{"background-color":"","background-image":"","background-repeat":"repeat","background-position":"center center","background-size":"auto","background-attachment":"scroll","background-type":"","background-media":"","overlay-type":"","overlay-color":"","overlay-opacity":"","overlay-gradient":""}},"ast-content-background-meta":{"desktop":{"background-color":"var(--ast-global-color-5)","background-image":"","background-repeat":"repeat","background-position":"center center","background-size":"auto","background-attachment":"scroll","background-type":"","background-media":"","overlay-type":"","overlay-color":"","overlay-opacity":"","overlay-gradient":""},"tablet":{"background-color":"var(--ast-global-color-5)","background-image":"","background-repeat":"repeat","background-position":"center center","background-size":"auto","background-attachment":"scroll","background-type":"","background-media":"","overlay-type":"","overlay-color":"","overlay-opacity":"","overlay-gradient":""},"mobile":{"background-color":"var(--ast-global-color-5)","background-image":"","background-repeat":"repeat","background-position":"center center","background-size":"auto","background-attachment":"scroll","background-type":"","background-media":"","overlay-type":"","overlay-color":"","overlay-opacity":"","overlay-gradient":""}},"footnotes":""},"class_list":["post-15","page","type-page","status-publish","hentry"],"_links":{"self":[{"href":"https:\/\/www.chronopia.world\/de\/wp-json\/wp\/v2\/pages\/15","targetHints":{"allow":["GET"]}}],"collection":[{"href":"https:\/\/www.chronopia.world\/de\/wp-json\/wp\/v2\/pages"}],"about":[{"href":"https:\/\/www.chronopia.world\/de\/wp-json\/wp\/v2\/types\/page"}],"author":[{"embeddable":true,"href":"https:\/\/www.chronopia.world\/de\/wp-json\/wp\/v2\/users\/3"}],"replies":[{"embeddable":true,"href":"https:\/\/www.chronopia.world\/de\/wp-json\/wp\/v2\/comments?post=15"}],"version-history":[{"count":3,"href":"https:\/\/www.chronopia.world\/de\/wp-json\/wp\/v2\/pages\/15\/revisions"}],"predecessor-version":[{"id":250,"href":"https:\/\/www.chronopia.world\/de\/wp-json\/wp\/v2\/pages\/15\/revisions\/250"}],"wp:attachment":[{"href":"https:\/\/www.chronopia.world\/de\/wp-json\/wp\/v2\/media?parent=15"}],"curies":[{"name":"wp","href":"https:\/\/api.w.org\/{rel}","templated":true}]}}