{"id":17,"date":"2023-07-10T06:06:51","date_gmt":"2023-07-10T06:06:51","guid":{"rendered":"https:\/\/www.chronopia.world\/de\/?page_id=17"},"modified":"2023-08-02T12:41:42","modified_gmt":"2023-08-02T12:41:42","slug":"spielverlauf","status":"publish","type":"page","link":"https:\/\/www.chronopia.world\/de\/spielverlauf\/","title":{"rendered":"Editionen von Chronopia"},"content":{"rendered":"\n<p>Bis heute gibt es vier verschiedene Spielversionen von Chronopia.<\/p>\n\n\n\n<div style=\"height:51px\" aria-hidden=\"true\" class=\"wp-block-spacer\"><\/div>\n\n\n\n<h2 class=\"wp-block-heading\">1994 \u2013 \u00c4ventyrsspel (Drakar och Demoner)<\/h2>\n\n\n\n<figure class=\"wp-block-image alignright size-full\"><img fetchpriority=\"high\" decoding=\"async\" width=\"223\" height=\"295\" src=\"https:\/\/www.chronopia.world\/de\/wp-content\/uploads\/sites\/9\/2023\/08\/edition.jpg\" alt=\"\" class=\"wp-image-270\"\/><\/figure>\n\n\n\n<p>Die 5.Edition des schwedischen Rollenspiel &#8222;Drakar och Demoner&#8220; von 1994 wurde Chronopia genannt. Als Handlungsort war Chronopia eine Megastadt im Land Ereb Altor.<\/p>\n\n\n\n<p>Als Spieler erkundet man in dieser gro\u00dfen Stadt die einzelnen Distrikte, welche von einzelnen Rassen beherrscht\/bewohnt werden. Hierbei handelt es sich um Zwerge, Orks, Menschen oder Elfen. Die Stadt Chronopia selber wird beherrscht durch den Einen K\u00f6nig.<\/p>\n\n\n\n<p>Zwei Regelb\u00fccher, elf Erweiterungen und zwei Romane wurden bis einschliesslich 1999 ver\u00f6ffentlicht.<\/p>\n\n\n\n<div style=\"height:50px\" aria-hidden=\"true\" class=\"wp-block-spacer\"><\/div>\n\n\n\n<h2 class=\"wp-block-heading\">1997 \u2013 Target Games (1. Edition)<\/h2>\n\n\n\n<figure class=\"wp-block-image alignright size-full\"><img decoding=\"async\" width=\"233\" height=\"304\" src=\"https:\/\/www.chronopia.world\/de\/wp-content\/uploads\/sites\/9\/2023\/08\/edition_01.jpg\" alt=\"\" class=\"wp-image-271\" srcset=\"https:\/\/www.chronopia.world\/de\/wp-content\/uploads\/sites\/9\/2023\/08\/edition_01.jpg 233w, https:\/\/www.chronopia.world\/de\/wp-content\/uploads\/sites\/9\/2023\/08\/edition_01-230x300.jpg 230w\" sizes=\"(max-width: 233px) 100vw, 233px\" \/><\/figure>\n\n\n\n<p>In den Grundregeln basierend auf dem sehr erfolgreichen Science Fiction TableTop-Spiel &#8222;Game Warzone \u2013 Mutant Chronicles&#8220; erschien von der gleichen Firma 1997 die erste Edition von Chronopia.<\/p>\n\n\n\n<p>\u00dcber die folgenden vier Jahre erschienen vier Erg\u00e4nzungen, zwei Kampagnenboxen, einige Magazine und zahlreiche Figuren.<\/p>\n\n\n\n<p>Chronopia ist dabei nicht mehr alleine eine gro\u00dfe Stadt, sondern eine ganze Welt mit verschiedenen Rassen und Fraktionen.<\/p>\n\n\n\n<p>Mit dem Grundregelwerk erschienen die Fraktionen der Erstgeborenen, Elfen, Zwergen, Schwarzbl\u00fcter und Lakaien. Im Rahmen der Erweiterungen erschienen noch die S\u00f6hne des Kronos, Stygianer und Sumpfgoblins.<\/p>\n\n\n\n<div style=\"height:51px\" aria-hidden=\"true\" class=\"wp-block-spacer\"><\/div>\n\n\n\n<h2 class=\"wp-block-heading\">2002 \u2013 Excelsior Entertainment (2. Edition)<\/h2>\n\n\n\n<figure class=\"wp-block-image alignright size-full\"><img decoding=\"async\" width=\"233\" height=\"305\" src=\"https:\/\/www.chronopia.world\/de\/wp-content\/uploads\/sites\/9\/2023\/08\/edition_02.jpg\" alt=\"\" class=\"wp-image-272\" srcset=\"https:\/\/www.chronopia.world\/de\/wp-content\/uploads\/sites\/9\/2023\/08\/edition_02.jpg 233w, https:\/\/www.chronopia.world\/de\/wp-content\/uploads\/sites\/9\/2023\/08\/edition_02-229x300.jpg 229w\" sizes=\"(max-width: 233px) 100vw, 233px\" \/><\/figure>\n\n\n\n<p>Das amerikanische Unternehmen &#8222;Excelsior Entertainment&#8220; erhielt Ende 2001 die Lizenz f\u00fcr Chronopia und Warzone. Das Kernprodukt wurde f\u00fcr Chronopia das 2002 ver\u00f6ffentlichte Regelbuch der zweiten Edition mit allen Rassen und Fraktionen. <\/p>\n\n\n\n<p>Neben diversen Anpassungen und \u00c4nderungen war eines der neuen Kernelemente die Einf\u00fchrung der Aufstellungskarten mit den neue Spielelemente und -erfahrungen (wie z.B. verdeckte Aufstellung) gesammelt werden konnten.<\/p>\n\n\n\n<p>Die Zusammenfassung aller Informationen, Regeln, Armeelisten, usw. in ein Werk hat dieses sehr umfangreich werden lassen und war daher verh\u00e4ltnism\u00e4\u00dfig teuer.<\/p>\n\n\n\n<p>Im Laufe der folgenden Jahre erschienen noch weitere Figuren und kleinere Regelerg\u00e4nzungen. An einem umfangreichen Erweiterungswerk wurde zum Ende hin gearbeitet wurde aber nicht mehr ver\u00f6ffentlicht als Excelsior Entertainment 2005 die Lizenz verlor.<\/p>\n\n\n\n<div style=\"height:51px\" aria-hidden=\"true\" class=\"wp-block-spacer\"><\/div>\n\n\n\n<h2 class=\"wp-block-heading\">2022 \u2013 Uhrwerk-Verlag (3. Edition)<\/h2>\n\n\n\n<figure class=\"wp-block-image alignright size-full\"><img loading=\"lazy\" decoding=\"async\" width=\"233\" height=\"319\" src=\"https:\/\/www.chronopia.world\/de\/wp-content\/uploads\/sites\/9\/2023\/08\/edition_03.jpg\" alt=\"\" class=\"wp-image-273\" srcset=\"https:\/\/www.chronopia.world\/de\/wp-content\/uploads\/sites\/9\/2023\/08\/edition_03.jpg 233w, https:\/\/www.chronopia.world\/de\/wp-content\/uploads\/sites\/9\/2023\/08\/edition_03-219x300.jpg 219w\" sizes=\"(max-width: 233px) 100vw, 233px\" \/><\/figure>\n\n\n\n<p>Im Rahmen eines Kickstarter wurden im ersten Quartal des Jahres 2022 ein neues Regelwerk, zahlreiche neuerstellte Miniaturen und weiteres Material finanziert.<\/p>\n\n\n\n<p>Das Regelwerk verwendet die meisten der Regeln aus den vorigen Editionen. Jedoch gibt es einige wichtige \u00c4nderungen die diese deutlich von den bisherigen abhebt.<\/p>\n\n\n\n<p>Der Kern dieser \u00c4nderungen ergaben sich aus den Bedingungen f\u00fcr die Skalierbarkeit der Spiele von der Heldenstufe mit 4-8 Figuren bis hin zu den Gro\u00dfgefechten. Mit den neuen Regeln soll die einfache Spielbarkeit auf allen Stufen erreicht werden.<\/p>\n\n\n\n<p>Die Gr\u00f6\u00dfe der Figuren \u00e4nderte sich, um dem modernen W\u00fcnschen zu folgen, von 28mm auf 32mm. Als Material wird auch nicht mehr das teure Zinn verwendet, sondern das moderne SioCast.<\/p>\n\n\n\n<p>Die Auslieferung der Produkte ist zum Ende des Jahres 2023 geplant. Danach sollen die Produkte in regul\u00e4ren L\u00e4den erh\u00e4ltlich sein.<\/p>\n","protected":false},"excerpt":{"rendered":"<p>Bis heute gibt es vier verschiedene Spielversionen von Chronopia. 1994 \u2013 \u00c4ventyrsspel (Drakar och Demoner) Die 5.Edition des schwedischen Rollenspiel &#8222;Drakar och Demoner&#8220; von 1994 wurde Chronopia genannt. Als Handlungsort war Chronopia eine Megastadt im Land Ereb Altor. Als Spieler erkundet man in dieser gro\u00dfen Stadt die einzelnen Distrikte, welche von einzelnen Rassen beherrscht\/bewohnt werden. [&hellip;]<\/p>\n","protected":false},"author":3,"featured_media":0,"parent":0,"menu_order":0,"comment_status":"closed","ping_status":"closed","template":"","meta":{"site-sidebar-layout":"default","site-content-layout":"","ast-site-content-layout":"default","site-content-style":"default","site-sidebar-style":"default","ast-global-header-display":"","ast-banner-title-visibility":"","ast-main-header-display":"","ast-hfb-above-header-display":"","ast-hfb-below-header-display":"","ast-hfb-mobile-header-display":"","site-post-title":"","ast-breadcrumbs-content":"","ast-featured-img":"","footer-sml-layout":"","theme-transparent-header-meta":"","adv-header-id-meta":"","stick-header-meta":"","header-above-stick-meta":"","header-main-stick-meta":"","header-below-stick-meta":"","astra-migrate-meta-layouts":"default","ast-page-background-enabled":"default","ast-page-background-meta":{"desktop":{"background-color":"var(--ast-global-color-4)","background-image":"","background-repeat":"repeat","background-position":"center center","background-size":"auto","background-attachment":"scroll","background-type":"","background-media":"","overlay-type":"","overlay-color":"","overlay-opacity":"","overlay-gradient":""},"tablet":{"background-color":"","background-image":"","background-repeat":"repeat","background-position":"center center","background-size":"auto","background-attachment":"scroll","background-type":"","background-media":"","overlay-type":"","overlay-color":"","overlay-opacity":"","overlay-gradient":""},"mobile":{"background-color":"","background-image":"","background-repeat":"repeat","background-position":"center center","background-size":"auto","background-attachment":"scroll","background-type":"","background-media":"","overlay-type":"","overlay-color":"","overlay-opacity":"","overlay-gradient":""}},"ast-content-background-meta":{"desktop":{"background-color":"var(--ast-global-color-5)","background-image":"","background-repeat":"repeat","background-position":"center center","background-size":"auto","background-attachment":"scroll","background-type":"","background-media":"","overlay-type":"","overlay-color":"","overlay-opacity":"","overlay-gradient":""},"tablet":{"background-color":"var(--ast-global-color-5)","background-image":"","background-repeat":"repeat","background-position":"center center","background-size":"auto","background-attachment":"scroll","background-type":"","background-media":"","overlay-type":"","overlay-color":"","overlay-opacity":"","overlay-gradient":""},"mobile":{"background-color":"var(--ast-global-color-5)","background-image":"","background-repeat":"repeat","background-position":"center center","background-size":"auto","background-attachment":"scroll","background-type":"","background-media":"","overlay-type":"","overlay-color":"","overlay-opacity":"","overlay-gradient":""}},"footnotes":""},"class_list":["post-17","page","type-page","status-publish","hentry"],"_links":{"self":[{"href":"https:\/\/www.chronopia.world\/de\/wp-json\/wp\/v2\/pages\/17","targetHints":{"allow":["GET"]}}],"collection":[{"href":"https:\/\/www.chronopia.world\/de\/wp-json\/wp\/v2\/pages"}],"about":[{"href":"https:\/\/www.chronopia.world\/de\/wp-json\/wp\/v2\/types\/page"}],"author":[{"embeddable":true,"href":"https:\/\/www.chronopia.world\/de\/wp-json\/wp\/v2\/users\/3"}],"replies":[{"embeddable":true,"href":"https:\/\/www.chronopia.world\/de\/wp-json\/wp\/v2\/comments?post=17"}],"version-history":[{"count":4,"href":"https:\/\/www.chronopia.world\/de\/wp-json\/wp\/v2\/pages\/17\/revisions"}],"predecessor-version":[{"id":274,"href":"https:\/\/www.chronopia.world\/de\/wp-json\/wp\/v2\/pages\/17\/revisions\/274"}],"wp:attachment":[{"href":"https:\/\/www.chronopia.world\/de\/wp-json\/wp\/v2\/media?parent=17"}],"curies":[{"name":"wp","href":"https:\/\/api.w.org\/{rel}","templated":true}]}}