{"id":2,"date":"2023-07-09T08:47:39","date_gmt":"2023-07-09T08:47:39","guid":{"rendered":"https:\/\/www.chronopia.world\/de\/?page_id=2"},"modified":"2023-07-15T12:28:12","modified_gmt":"2023-07-15T12:28:12","slug":"sample-page","status":"publish","type":"page","link":"https:\/\/www.chronopia.world\/de\/sample-page\/","title":{"rendered":"Wer sind wir?"},"content":{"rendered":"\n<figure class=\"wp-block-image alignleft size-full is-resized\"><img fetchpriority=\"high\" decoding=\"async\" src=\"https:\/\/www.chronopia.world\/de\/wp-content\/uploads\/sites\/9\/2023\/07\/logo_UhrwerkVerlag.png\" alt=\"\" class=\"wp-image-66\" width=\"329\" height=\"296\" srcset=\"https:\/\/www.chronopia.world\/de\/wp-content\/uploads\/sites\/9\/2023\/07\/logo_UhrwerkVerlag.png 401w, https:\/\/www.chronopia.world\/de\/wp-content\/uploads\/sites\/9\/2023\/07\/logo_UhrwerkVerlag-300x270.png 300w\" sizes=\"(max-width: 329px) 100vw, 329px\" \/><\/figure>\n\n\n\n<p>Patric, Inhaber von Uhrwerk Spiele, ist ein langj\u00e4hriger Fan von Chronopia. Er hat beide Editionen gespielt und in seinem Spieleladen in der N\u00e4he von K\u00f6ln verkauft. <\/p>\n\n\n\n<p>Uhrwerk Spiele wurde 2009 gegr\u00fcndet und hat mehr als 250 Rollenspielb\u00fccher und Erg\u00e4nzungen, auch in verschiedenen Sprachen, ver\u00f6ffentlicht. <\/p>\n\n\n\n<p>Nun im Jahr 2022 wird unser Angebot durch ein TableTop Spielsystem mit einem der besten Fantasy Figurenspiele erg\u00e4nzt &#8211; Chronopia! Wir sind stolz darauf das phantastisches Spiel und Welt in eine neue \u00c4ra zu bringen.<\/p>\n\n\n\n<h2 class=\"wp-block-heading\"><strong>HEROIC SIGNATURES<\/strong><\/h2>\n\n\n\n<figure class=\"wp-block-image alignleft size-full\"><img decoding=\"async\" width=\"300\" height=\"212\" src=\"https:\/\/www.chronopia.world\/de\/wp-content\/uploads\/sites\/9\/2023\/07\/HS_Logo_Primary_Stacked-300x212-1.png\" alt=\"\" class=\"wp-image-69\"\/><\/figure>\n\n\n\n<p>Hinter <strong>HEROIC SIGNATURES<\/strong> steht der Wunsch, fesselnde Science-Fiction- und Fantasy-Geschichten zu erschaffen, die ein generationen\u00fcbergreifendes Publikum auf der ganzen Welt begeistern. Von unserem umfangreichen Katalog an fesselnden Charakteren bis hin zu unseren leidenschaftlich konstruierten Welten voller Leben und Gefahren haben wir alles, was man braucht, um komplizierte Geschichten voller Action, Wendungen, Emotionen und Spannung zu erfinden.<\/p>\n\n\n\n<p>Zu unserem Portfolio geh\u00f6ren bekannte Marken wie Conan the Cimmerian, Kull of Atlantis, Solomon Kane, Mutant Chronicles, Mutant: Year Zero und Kult.<\/p>\n\n\n\n<p>\u00a9 2023 Cabinet Licensing LLC (\u201cCL\u201d). CHRONOPIA, HEROIC SIGNATURES und zugeh\u00f6rige Logos, Charaktere, Namen und unverwechselbare Varianten davon unterliegen dem Copyrights von CL.<\/p>\n","protected":false},"excerpt":{"rendered":"<p>Patric, Inhaber von Uhrwerk Spiele, ist ein langj\u00e4hriger Fan von Chronopia. Er hat beide Editionen gespielt und in seinem Spieleladen in der N\u00e4he von K\u00f6ln verkauft. Uhrwerk Spiele wurde 2009 gegr\u00fcndet und hat mehr als 250 Rollenspielb\u00fccher und Erg\u00e4nzungen, auch in verschiedenen Sprachen, ver\u00f6ffentlicht. Nun im Jahr 2022 wird unser Angebot durch ein TableTop Spielsystem [&hellip;]<\/p>\n","protected":false},"author":3,"featured_media":0,"parent":0,"menu_order":0,"comment_status":"closed","ping_status":"open","template":"","meta":{"site-sidebar-layout":"default","site-content-layout":"","ast-site-content-layout":"default","site-content-style":"default","site-sidebar-style":"default","ast-global-header-display":"","ast-banner-title-visibility":"","ast-main-header-display":"","ast-hfb-above-header-display":"","ast-hfb-below-header-display":"","ast-hfb-mobile-header-display":"","site-post-title":"","ast-breadcrumbs-content":"","ast-featured-img":"","footer-sml-layout":"","theme-transparent-header-meta":"","adv-header-id-meta":"","stick-header-meta":"","header-above-stick-meta":"","header-main-stick-meta":"","header-below-stick-meta":"","astra-migrate-meta-layouts":"default","ast-page-background-enabled":"default","ast-page-background-meta":{"desktop":{"background-color":"var(--ast-global-color-4)","background-image":"","background-repeat":"repeat","background-position":"center center","background-size":"auto","background-attachment":"scroll","background-type":"","background-media":"","overlay-type":"","overlay-color":"","overlay-opacity":"","overlay-gradient":""},"tablet":{"background-color":"","background-image":"","background-repeat":"repeat","background-position":"center center","background-size":"auto","background-attachment":"scroll","background-type":"","background-media":"","overlay-type":"","overlay-color":"","overlay-opacity":"","overlay-gradient":""},"mobile":{"background-color":"","background-image":"","background-repeat":"repeat","background-position":"center center","background-size":"auto","background-attachment":"scroll","background-type":"","background-media":"","overlay-type":"","overlay-color":"","overlay-opacity":"","overlay-gradient":""}},"ast-content-background-meta":{"desktop":{"background-color":"var(--ast-global-color-5)","background-image":"","background-repeat":"repeat","background-position":"center center","background-size":"auto","background-attachment":"scroll","background-type":"","background-media":"","overlay-type":"","overlay-color":"","overlay-opacity":"","overlay-gradient":""},"tablet":{"background-color":"var(--ast-global-color-5)","background-image":"","background-repeat":"repeat","background-position":"center center","background-size":"auto","background-attachment":"scroll","background-type":"","background-media":"","overlay-type":"","overlay-color":"","overlay-opacity":"","overlay-gradient":""},"mobile":{"background-color":"var(--ast-global-color-5)","background-image":"","background-repeat":"repeat","background-position":"center center","background-size":"auto","background-attachment":"scroll","background-type":"","background-media":"","overlay-type":"","overlay-color":"","overlay-opacity":"","overlay-gradient":""}},"footnotes":""},"class_list":["post-2","page","type-page","status-publish","hentry"],"_links":{"self":[{"href":"https:\/\/www.chronopia.world\/de\/wp-json\/wp\/v2\/pages\/2","targetHints":{"allow":["GET"]}}],"collection":[{"href":"https:\/\/www.chronopia.world\/de\/wp-json\/wp\/v2\/pages"}],"about":[{"href":"https:\/\/www.chronopia.world\/de\/wp-json\/wp\/v2\/types\/page"}],"author":[{"embeddable":true,"href":"https:\/\/www.chronopia.world\/de\/wp-json\/wp\/v2\/users\/3"}],"replies":[{"embeddable":true,"href":"https:\/\/www.chronopia.world\/de\/wp-json\/wp\/v2\/comments?post=2"}],"version-history":[{"count":5,"href":"https:\/\/www.chronopia.world\/de\/wp-json\/wp\/v2\/pages\/2\/revisions"}],"predecessor-version":[{"id":85,"href":"https:\/\/www.chronopia.world\/de\/wp-json\/wp\/v2\/pages\/2\/revisions\/85"}],"wp:attachment":[{"href":"https:\/\/www.chronopia.world\/de\/wp-json\/wp\/v2\/media?parent=2"}],"curies":[{"name":"wp","href":"https:\/\/api.w.org\/{rel}","templated":true}]}}