{"id":41,"date":"2023-07-10T06:10:26","date_gmt":"2023-07-10T06:10:26","guid":{"rendered":"https:\/\/www.chronopia.world\/de\/?page_id=41"},"modified":"2023-08-02T12:58:28","modified_gmt":"2023-08-02T12:58:28","slug":"downloads","status":"publish","type":"page","link":"https:\/\/www.chronopia.world\/de\/downloads\/","title":{"rendered":"Downloads"},"content":{"rendered":"\n<p>Die folgenden Dateien stehen zum freien Download zur Verf\u00fcgung. In den meisten F\u00e4llen handelt es sich um Produkte in englischer Sprache.<\/p>\n\n\n\n<figure class=\"wp-block-image aligncenter size-full\"><a href=\"https:\/\/www.chronopia.world\/wp-content\/uploads\/2022\/04\/Chronopia-Demo-Rulebook.pdf\"><img fetchpriority=\"high\" decoding=\"async\" width=\"680\" height=\"414\" src=\"https:\/\/www.chronopia.world\/de\/wp-content\/uploads\/sites\/9\/2023\/08\/downloadrules.png\" alt=\"\" class=\"wp-image-275\" srcset=\"https:\/\/www.chronopia.world\/de\/wp-content\/uploads\/sites\/9\/2023\/08\/downloadrules.png 680w, https:\/\/www.chronopia.world\/de\/wp-content\/uploads\/sites\/9\/2023\/08\/downloadrules-300x183.png 300w\" sizes=\"(max-width: 680px) 100vw, 680px\" \/><\/a><figcaption class=\"wp-element-caption\"><a href=\"https:\/\/www.chronopia.world\/wp-content\/uploads\/2022\/04\/Chronopia-Demo-Rulebook.pdf\">Demo Regelwerk (PDF, englisch)<\/a> <\/figcaption><\/figure>\n\n\n\n<div style=\"height:50px\" aria-hidden=\"true\" class=\"wp-block-spacer\"><\/div>\n\n\n\n<p><\/p>\n\n\n\n<figure class=\"wp-block-image aligncenter size-full\"><img decoding=\"async\" width=\"680\" height=\"585\" src=\"https:\/\/www.chronopia.world\/de\/wp-content\/uploads\/sites\/9\/2023\/08\/downloadtemplate.png\" alt=\"\" class=\"wp-image-279\" srcset=\"https:\/\/www.chronopia.world\/de\/wp-content\/uploads\/sites\/9\/2023\/08\/downloadtemplate.png 680w, https:\/\/www.chronopia.world\/de\/wp-content\/uploads\/sites\/9\/2023\/08\/downloadtemplate-300x258.png 300w\" sizes=\"(max-width: 680px) 100vw, 680px\" \/><figcaption class=\"wp-element-caption\">Spielschablonen als STL Vorlage zum Selberausdrucken (3D Drucker)<\/figcaption><\/figure>\n\n\n\n<p class=\"has-text-align-center\"><a href=\"https:\/\/www.chronopia.world\/wp-content\/uploads\/2022\/04\/Explode_Big150mm.zip\">Gro\u00dfe Explosionsschablone (150mm)<\/a> (gezippt)<\/p>\n\n\n\n<p class=\"has-text-align-center\"><a href=\"https:\/\/www.chronopia.world\/wp-content\/uploads\/2022\/04\/Explode_Small100mm.zip\">Kleine Explosionsschablone (100mm)<\/a> (gezippt)<\/p>\n\n\n\n<p class=\"has-text-align-center\"><a href=\"https:\/\/www.chronopia.world\/wp-content\/uploads\/2022\/04\/Flamethrower.zip\">Flammenschablone <\/a> (gezippt)<\/p>\n\n\n\n<div style=\"height:50px\" aria-hidden=\"true\" class=\"wp-block-spacer\"><\/div>\n\n\n\n<figure class=\"wp-block-image aligncenter size-full\"><a href=\"https:\/\/drive.google.com\/drive\/folders\/1Iq0LoOUF5bm5kVpvi5XAizDro2_6k757\"><img decoding=\"async\" width=\"680\" height=\"585\" src=\"https:\/\/www.chronopia.world\/de\/wp-content\/uploads\/sites\/9\/2023\/08\/downloadcomic.png\" alt=\"\" class=\"wp-image-281\" srcset=\"https:\/\/www.chronopia.world\/de\/wp-content\/uploads\/sites\/9\/2023\/08\/downloadcomic.png 680w, https:\/\/www.chronopia.world\/de\/wp-content\/uploads\/sites\/9\/2023\/08\/downloadcomic-300x258.png 300w\" sizes=\"(max-width: 680px) 100vw, 680px\" \/><\/a><figcaption class=\"wp-element-caption\"><a href=\"https:\/\/drive.google.com\/drive\/folders\/1Iq0LoOUF5bm5kVpvi5XAizDro2_6k757\">Comic einer Geschichte eines Lakaien (englisch) als PDF<\/a><\/figcaption><\/figure>\n\n\n\n<p class=\"has-text-align-center\">Downloadlink: <a href=\"https:\/\/drive.google.com\/drive\/folders\/1Iq0LoOUF5bm5kVpvi5XAizDro2_6k757\">https:\/\/drive.google.com\/drive\/folders\/1Iq0LoOUF5bm5kVpvi5XAizDro2_6k757<\/a><\/p>\n\n\n\n<div style=\"height:50px\" aria-hidden=\"true\" class=\"wp-block-spacer\"><\/div>\n\n\n\n<h2 class=\"wp-block-heading\">Downloads zu Armeegeneratoren<\/h2>\n\n\n\n<figure class=\"wp-block-image aligncenter size-full\"><img loading=\"lazy\" decoding=\"async\" width=\"680\" height=\"491\" src=\"https:\/\/www.chronopia.world\/de\/wp-content\/uploads\/sites\/9\/2023\/08\/armybuilder-4.png\" alt=\"\" class=\"wp-image-282\" srcset=\"https:\/\/www.chronopia.world\/de\/wp-content\/uploads\/sites\/9\/2023\/08\/armybuilder-4.png 680w, https:\/\/www.chronopia.world\/de\/wp-content\/uploads\/sites\/9\/2023\/08\/armybuilder-4-300x217.png 300w\" sizes=\"(max-width: 680px) 100vw, 680px\" \/><figcaption class=\"wp-element-caption\">Army Builder 3.X (Kostenlose Version auf <a href=\"https:\/\/www.wolflair.com\/army-builder\/\">https:\/\/www.wolflair.com\/army-builder\/<\/a>)<\/figcaption><\/figure>\n\n\n\n<p class=\"has-text-align-center\">Download der Dateien f\u00fcr Chronopia: <a href=\"https:\/\/drive.google.com\/drive\/folders\/183usBGE3jMT7uvuqJ1RCUm0HrTffsbXf\">https:\/\/drive.google.com\/drive\/folders\/183usBGE3jMT7uvuqJ1RCUm0HrTffsbXf<\/a><\/p>\n\n\n\n<div style=\"height:50px\" aria-hidden=\"true\" class=\"wp-block-spacer\"><\/div>\n\n\n\n<figure class=\"wp-block-image aligncenter size-full\"><img loading=\"lazy\" decoding=\"async\" width=\"680\" height=\"559\" src=\"https:\/\/www.chronopia.world\/de\/wp-content\/uploads\/sites\/9\/2023\/08\/battlescribe.png\" alt=\"\" class=\"wp-image-283\" srcset=\"https:\/\/www.chronopia.world\/de\/wp-content\/uploads\/sites\/9\/2023\/08\/battlescribe.png 680w, https:\/\/www.chronopia.world\/de\/wp-content\/uploads\/sites\/9\/2023\/08\/battlescribe-300x247.png 300w\" sizes=\"(max-width: 680px) 100vw, 680px\" \/><figcaption class=\"wp-element-caption\">Battlescribe (siehe: <a href=\"https:\/\/battlescribe.net\/\">https:\/\/battlescribe.net\/<\/a>)<\/figcaption><\/figure>\n\n\n\n<p class=\"has-text-align-center\">Download der Dateien f\u00fcr Chronopia: <a href=\"https:\/\/drive.google.com\/drive\/folders\/18e-RxiM_4ken0B_4nacYIgr4hhIKZ8tz\">https:\/\/drive.google.com\/drive\/folders\/18e-RxiM_4ken0B_4nacYIgr4hhIKZ8tz<\/a><\/p>\n","protected":false},"excerpt":{"rendered":"<p>Die folgenden Dateien stehen zum freien Download zur Verf\u00fcgung. In den meisten F\u00e4llen handelt es sich um Produkte in englischer Sprache. Gro\u00dfe Explosionsschablone (150mm) (gezippt) Kleine Explosionsschablone (100mm) (gezippt) Flammenschablone (gezippt) Downloadlink: https:\/\/drive.google.com\/drive\/folders\/1Iq0LoOUF5bm5kVpvi5XAizDro2_6k757 Downloads zu Armeegeneratoren Download der Dateien f\u00fcr Chronopia: https:\/\/drive.google.com\/drive\/folders\/183usBGE3jMT7uvuqJ1RCUm0HrTffsbXf Download der Dateien f\u00fcr Chronopia: https:\/\/drive.google.com\/drive\/folders\/18e-RxiM_4ken0B_4nacYIgr4hhIKZ8tz<\/p>\n","protected":false},"author":3,"featured_media":0,"parent":0,"menu_order":0,"comment_status":"closed","ping_status":"closed","template":"","meta":{"site-sidebar-layout":"default","site-content-layout":"","ast-site-content-layout":"default","site-content-style":"default","site-sidebar-style":"default","ast-global-header-display":"","ast-banner-title-visibility":"","ast-main-header-display":"","ast-hfb-above-header-display":"","ast-hfb-below-header-display":"","ast-hfb-mobile-header-display":"","site-post-title":"","ast-breadcrumbs-content":"","ast-featured-img":"","footer-sml-layout":"","theme-transparent-header-meta":"","adv-header-id-meta":"","stick-header-meta":"","header-above-stick-meta":"","header-main-stick-meta":"","header-below-stick-meta":"","astra-migrate-meta-layouts":"default","ast-page-background-enabled":"default","ast-page-background-meta":{"desktop":{"background-color":"var(--ast-global-color-4)","background-image":"","background-repeat":"repeat","background-position":"center center","background-size":"auto","background-attachment":"scroll","background-type":"","background-media":"","overlay-type":"","overlay-color":"","overlay-opacity":"","overlay-gradient":""},"tablet":{"background-color":"","background-image":"","background-repeat":"repeat","background-position":"center center","background-size":"auto","background-attachment":"scroll","background-type":"","background-media":"","overlay-type":"","overlay-color":"","overlay-opacity":"","overlay-gradient":""},"mobile":{"background-color":"","background-image":"","background-repeat":"repeat","background-position":"center center","background-size":"auto","background-attachment":"scroll","background-type":"","background-media":"","overlay-type":"","overlay-color":"","overlay-opacity":"","overlay-gradient":""}},"ast-content-background-meta":{"desktop":{"background-color":"var(--ast-global-color-5)","background-image":"","background-repeat":"repeat","background-position":"center center","background-size":"auto","background-attachment":"scroll","background-type":"","background-media":"","overlay-type":"","overlay-color":"","overlay-opacity":"","overlay-gradient":""},"tablet":{"background-color":"var(--ast-global-color-5)","background-image":"","background-repeat":"repeat","background-position":"center center","background-size":"auto","background-attachment":"scroll","background-type":"","background-media":"","overlay-type":"","overlay-color":"","overlay-opacity":"","overlay-gradient":""},"mobile":{"background-color":"var(--ast-global-color-5)","background-image":"","background-repeat":"repeat","background-position":"center center","background-size":"auto","background-attachment":"scroll","background-type":"","background-media":"","overlay-type":"","overlay-color":"","overlay-opacity":"","overlay-gradient":""}},"footnotes":""},"class_list":["post-41","page","type-page","status-publish","hentry"],"_links":{"self":[{"href":"https:\/\/www.chronopia.world\/de\/wp-json\/wp\/v2\/pages\/41","targetHints":{"allow":["GET"]}}],"collection":[{"href":"https:\/\/www.chronopia.world\/de\/wp-json\/wp\/v2\/pages"}],"about":[{"href":"https:\/\/www.chronopia.world\/de\/wp-json\/wp\/v2\/types\/page"}],"author":[{"embeddable":true,"href":"https:\/\/www.chronopia.world\/de\/wp-json\/wp\/v2\/users\/3"}],"replies":[{"embeddable":true,"href":"https:\/\/www.chronopia.world\/de\/wp-json\/wp\/v2\/comments?post=41"}],"version-history":[{"count":4,"href":"https:\/\/www.chronopia.world\/de\/wp-json\/wp\/v2\/pages\/41\/revisions"}],"predecessor-version":[{"id":284,"href":"https:\/\/www.chronopia.world\/de\/wp-json\/wp\/v2\/pages\/41\/revisions\/284"}],"wp:attachment":[{"href":"https:\/\/www.chronopia.world\/de\/wp-json\/wp\/v2\/media?parent=41"}],"curies":[{"name":"wp","href":"https:\/\/api.w.org\/{rel}","templated":true}]}}