{"id":8,"date":"2023-07-10T06:06:49","date_gmt":"2023-07-10T06:06:49","guid":{"rendered":"https:\/\/www.chronopia.world\/de\/?page_id=8"},"modified":"2023-07-29T16:38:08","modified_gmt":"2023-07-29T16:38:08","slug":"spiel","status":"publish","type":"page","link":"https:\/\/www.chronopia.world\/de\/spiel\/","title":{"rendered":"Das Spiel"},"content":{"rendered":"\n<blockquote class=\"wp-block-quote is-layout-flow wp-block-quote-is-layout-flow\">\n<p>&#8222;Die untergehende Sonne wirft ihr blutrotes Licht auf eine dunkle und geschundene Welt, eine Welt, gezeichnet von Angst und Krieg. In der im Kampf um die Herrschaft und das nackte \u00dcberleben nicht einmal mehr Blutsbande vor Verrat sch\u00fctzen. Eine Welt der glorreichen Heldentaten und des abgrundtiefen b\u00f6sen, die Welt von CHRONOPIA.&#8220;<\/p>\n<cite>Chronopia Regelbuch<\/cite><\/blockquote>\n\n\n\n<div style=\"height:50px\" aria-hidden=\"true\" class=\"wp-block-spacer\"><\/div>\n\n\n\n<figure class=\"wp-block-image aligncenter size-full is-style-rounded\"><img fetchpriority=\"high\" decoding=\"async\" width=\"1024\" height=\"416\" src=\"https:\/\/www.chronopia.world\/de\/wp-content\/uploads\/sites\/9\/2023\/07\/pic_01.jpg\" alt=\"\" class=\"wp-image-146\" srcset=\"https:\/\/www.chronopia.world\/de\/wp-content\/uploads\/sites\/9\/2023\/07\/pic_01.jpg 1024w, https:\/\/www.chronopia.world\/de\/wp-content\/uploads\/sites\/9\/2023\/07\/pic_01-300x122.jpg 300w, https:\/\/www.chronopia.world\/de\/wp-content\/uploads\/sites\/9\/2023\/07\/pic_01-768x312.jpg 768w\" sizes=\"(max-width: 1024px) 100vw, 1024px\" \/><\/figure>\n\n\n\n<div style=\"height:50px\" aria-hidden=\"true\" class=\"wp-block-spacer\"><\/div>\n\n\n\n<h2 class=\"wp-block-heading\">Ein Dark Fantasy TableTop Spiel das sich Chronopia nennt? Was ist das?<\/h2>\n\n\n\n<p>Chronopia ist ein dynamisches TableTop Spiel in dem du kleine Heldengepl\u00e4nkel bis zu gro\u00dfen Armeeschlachten in einer Dark Fantasy Welt erleben kannst. Wundersch\u00f6ne Miniaturen aus dem Uhrwerk-Verlag erleichtern dir das eintauchen in diese Welt. Das Regelwerk konzentriert sich auf Grundregeln f\u00fcr \u201eSpieler gegen Spieler\u201c-Spiele. In unseren kommenden Ver\u00f6ffentlichungen erscheinen Regeln f\u00fcr Solospiele und Spiele mit einer ungeraden Anzahl von Spielern, die gemeinsam gegen die Welt antreten. Etwas, das TableTops noch nie zuvor gesehen hat.<\/p>\n\n\n\n<figure class=\"wp-block-image aligncenter size-full is-resized\"><img decoding=\"async\" src=\"https:\/\/www.chronopia.world\/de\/wp-content\/uploads\/sites\/9\/2023\/07\/minis_fight.jpg\" alt=\"\" class=\"wp-image-147\" width=\"778\" height=\"548\" srcset=\"https:\/\/www.chronopia.world\/de\/wp-content\/uploads\/sites\/9\/2023\/07\/minis_fight.jpg 1000w, https:\/\/www.chronopia.world\/de\/wp-content\/uploads\/sites\/9\/2023\/07\/minis_fight-300x212.jpg 300w, https:\/\/www.chronopia.world\/de\/wp-content\/uploads\/sites\/9\/2023\/07\/minis_fight-768x541.jpg 768w\" sizes=\"(max-width: 778px) 100vw, 778px\" \/><\/figure>\n\n\n\n<p>Im Dark Fantasy-Universum von Chronopia k\u00e4mpfen acht M\u00e4chte um Territorium und Vorherrschaft, w\u00e4hrend D\u00e4monen aus anderen Ebenen versuchen in die Welt einzudringen und sie f\u00fcr sich zu erobern. Jeder Spieler entscheidet sich f\u00fcr eines der M\u00e4chte und versucht durch glorreiche K\u00e4mpfe das Schicksal zu bestimmen. Die Schlachten die man ausspielt m\u00fcssen nicht nur Freundschaftsspiele sein, sondern k\u00f6nnen auch an die Zentrale zur EIntragung in die Datenbank gemeldet werden. Jeden Monat informieren wir die Spieler dar\u00fcber, wie ihre Erfolge und Misserfolge die Welt von Chronopia beeinflusst haben. W\u00e4hrend die Zeit vergeht und sich Grenzen \u00e4ndern, werden im Laufe der Zeit neue Fraktionen auftauchen.<\/p>\n\n\n\n<div style=\"height:50px\" aria-hidden=\"true\" class=\"wp-block-spacer\"><\/div>\n\n\n\n<figure class=\"wp-block-image aligncenter size-full is-style-rounded\"><img decoding=\"async\" width=\"628\" height=\"315\" src=\"https:\/\/www.chronopia.world\/de\/wp-content\/uploads\/sites\/9\/2023\/07\/product_gameparts.jpg\" alt=\"\" class=\"wp-image-154\" srcset=\"https:\/\/www.chronopia.world\/de\/wp-content\/uploads\/sites\/9\/2023\/07\/product_gameparts.jpg 628w, https:\/\/www.chronopia.world\/de\/wp-content\/uploads\/sites\/9\/2023\/07\/product_gameparts-300x150.jpg 300w\" sizes=\"(max-width: 628px) 100vw, 628px\" \/><\/figure>\n\n\n\n<div style=\"height:50px\" aria-hidden=\"true\" class=\"wp-block-spacer\"><\/div>\n\n\n\n<h2 class=\"wp-block-heading\">TableTop im Dark Universum von Chronopia!<\/h2>\n\n\n\n<p>In Chronopia stellen die Spieler ihre Streitkr\u00e4fte aus einer breiten Palette von Fraktionen zusammen und spielen Gefechte mit 3 bis 100 hochwertigen Miniaturen im 32-mm-Ma\u00dfstab.<\/p>\n\n\n\n<p>W\u00e4hle Kampfverb\u00e4nde, einzelne Modelle oder Zauberer aus und gib ihnen Zauberspr\u00fcche um Ihre Armee zu unterst\u00fctzen. Baue Armeelager,  Verteidigungsanlagen und Lager, um deine Armee im Kampf um das Reich der Sterblichen von Chronopia zu verbessern.<\/p>\n\n\n\n<p>Chronopia umfasst erz\u00e4hlerische Szenarien genauso wie standardm\u00e4\u00dfige punktbasierte Schlachten. Dazu Zufallsmissionen mit erz\u00e4hlerischen Zielen und sogar Solospiele. In Missionen erbeutete Sch\u00e4tze k\u00f6nnen verwendet werden, um die Waffen, Ausr\u00fcstung und andere Aspekte deiner Armee zu verbessern. Alle Spielmodi unterst\u00fctzen Spieler-gegen-Spieler-, Koop- oder Solo-Spiele.<\/p>\n\n\n\n<p>Achte auf die gro\u00dfe Auswahl an Erweiterungen, Karten, neuen Fraktionen, Miniaturen und Gel\u00e4nde, die separat erh\u00e4ltlich sind!<\/p>\n","protected":false},"excerpt":{"rendered":"<p>&#8222;Die untergehende Sonne wirft ihr blutrotes Licht auf eine dunkle und geschundene Welt, eine Welt, gezeichnet von Angst und Krieg. In der im Kampf um die Herrschaft und das nackte \u00dcberleben nicht einmal mehr Blutsbande vor Verrat sch\u00fctzen. Eine Welt der glorreichen Heldentaten und des abgrundtiefen b\u00f6sen, die Welt von CHRONOPIA.&#8220; Chronopia Regelbuch Ein Dark [&hellip;]<\/p>\n","protected":false},"author":3,"featured_media":0,"parent":0,"menu_order":0,"comment_status":"closed","ping_status":"closed","template":"","meta":{"site-sidebar-layout":"default","site-content-layout":"","ast-site-content-layout":"default","site-content-style":"default","site-sidebar-style":"default","ast-global-header-display":"","ast-banner-title-visibility":"","ast-main-header-display":"","ast-hfb-above-header-display":"","ast-hfb-below-header-display":"","ast-hfb-mobile-header-display":"","site-post-title":"","ast-breadcrumbs-content":"","ast-featured-img":"","footer-sml-layout":"","theme-transparent-header-meta":"","adv-header-id-meta":"","stick-header-meta":"","header-above-stick-meta":"","header-main-stick-meta":"","header-below-stick-meta":"","astra-migrate-meta-layouts":"default","ast-page-background-enabled":"default","ast-page-background-meta":{"desktop":{"background-color":"var(--ast-global-color-4)","background-image":"","background-repeat":"repeat","background-position":"center center","background-size":"auto","background-attachment":"scroll","background-type":"","background-media":"","overlay-type":"","overlay-color":"","overlay-opacity":"","overlay-gradient":""},"tablet":{"background-color":"","background-image":"","background-repeat":"repeat","background-position":"center center","background-size":"auto","background-attachment":"scroll","background-type":"","background-media":"","overlay-type":"","overlay-color":"","overlay-opacity":"","overlay-gradient":""},"mobile":{"background-color":"","background-image":"","background-repeat":"repeat","background-position":"center center","background-size":"auto","background-attachment":"scroll","background-type":"","background-media":"","overlay-type":"","overlay-color":"","overlay-opacity":"","overlay-gradient":""}},"ast-content-background-meta":{"desktop":{"background-color":"var(--ast-global-color-5)","background-image":"","background-repeat":"repeat","background-position":"center center","background-size":"auto","background-attachment":"scroll","background-type":"","background-media":"","overlay-type":"","overlay-color":"","overlay-opacity":"","overlay-gradient":""},"tablet":{"background-color":"var(--ast-global-color-5)","background-image":"","background-repeat":"repeat","background-position":"center center","background-size":"auto","background-attachment":"scroll","background-type":"","background-media":"","overlay-type":"","overlay-color":"","overlay-opacity":"","overlay-gradient":""},"mobile":{"background-color":"var(--ast-global-color-5)","background-image":"","background-repeat":"repeat","background-position":"center center","background-size":"auto","background-attachment":"scroll","background-type":"","background-media":"","overlay-type":"","overlay-color":"","overlay-opacity":"","overlay-gradient":""}},"footnotes":""},"class_list":["post-8","page","type-page","status-publish","hentry"],"_links":{"self":[{"href":"https:\/\/www.chronopia.world\/de\/wp-json\/wp\/v2\/pages\/8","targetHints":{"allow":["GET"]}}],"collection":[{"href":"https:\/\/www.chronopia.world\/de\/wp-json\/wp\/v2\/pages"}],"about":[{"href":"https:\/\/www.chronopia.world\/de\/wp-json\/wp\/v2\/types\/page"}],"author":[{"embeddable":true,"href":"https:\/\/www.chronopia.world\/de\/wp-json\/wp\/v2\/users\/3"}],"replies":[{"embeddable":true,"href":"https:\/\/www.chronopia.world\/de\/wp-json\/wp\/v2\/comments?post=8"}],"version-history":[{"count":6,"href":"https:\/\/www.chronopia.world\/de\/wp-json\/wp\/v2\/pages\/8\/revisions"}],"predecessor-version":[{"id":155,"href":"https:\/\/www.chronopia.world\/de\/wp-json\/wp\/v2\/pages\/8\/revisions\/155"}],"wp:attachment":[{"href":"https:\/\/www.chronopia.world\/de\/wp-json\/wp\/v2\/media?parent=8"}],"curies":[{"name":"wp","href":"https:\/\/api.w.org\/{rel}","templated":true}]}}