{"id":18,"date":"2023-07-08T12:33:06","date_gmt":"2023-07-08T12:33:06","guid":{"rendered":"https:\/\/www.chronopia.world\/pl\/?page_id=18"},"modified":"2023-07-09T08:43:34","modified_gmt":"2023-07-09T08:43:34","slug":"historia-gry","status":"publish","type":"page","link":"https:\/\/www.chronopia.world\/pl\/historia-gry\/","title":{"rendered":"Historia Gry"},"content":{"rendered":"\n<figure class=\"wp-block-audio\"><audio controls src=\"https:\/\/www.chronopia.world\/pl\/wp-content\/uploads\/sites\/8\/2023\/07\/Intro-movie-PL-bez-video.mp3\"><\/audio><\/figure>\n\n\n\n<p>Obecne wcielenie to czwarta wersja gry z uniwersum Chronopii.<\/p>\n\n\n\n<figure class=\"wp-block-image alignright size-full is-resized\"><img fetchpriority=\"high\" decoding=\"async\" src=\"https:\/\/www.chronopia.world\/pl\/wp-content\/uploads\/sites\/8\/2023\/07\/Drakar-Och-Demoner.jpg\" alt=\"\" class=\"wp-image-74\" width=\"223\" height=\"294\"\/><\/figure>\n\n\n\n<h2 class=\"wp-block-heading\">1994 &#8211; \u00c4ventyrsspel (Drakar och Demoner)<\/h2>\n\n\n\n<p>5&#8217;ta Edycja szwedzkiej gry fabularnej \u201eDrakar och Demoner\u201d (1994) o nazwie Chronopia. Akcja rozgrywa si\u0119 w wielkim mie\u015bcie Chronopia na ziemiach Ereb Altor.<\/p>\n\n\n\n<p>W ogromnym mie\u015bcie, w kt\u00f3rym grasz, w r\u00f3\u017cnych dzielnicach dominuje inna rasa. Czy to krasnoludy, orki, ludzie albo elfy. Chronopi\u0105 rz\u0105dzi Jedyny Kr\u00f3l.<\/p>\n\n\n\n<p>Do 1999 roku ukaza\u0142y si\u0119 dwa zestawy zasad, jedena\u015bcie dodatk\u00f3w i dwie powie\u015bci.<\/p>\n\n\n\n<p><\/p>\n\n\n\n<p><\/p>\n\n\n\n<figure class=\"wp-block-image alignright size-full\"><img decoding=\"async\" width=\"233\" height=\"304\" src=\"https:\/\/www.chronopia.world\/pl\/wp-content\/uploads\/sites\/8\/2023\/07\/edition_01.jpg\" alt=\"\" class=\"wp-image-77\" srcset=\"https:\/\/www.chronopia.world\/pl\/wp-content\/uploads\/sites\/8\/2023\/07\/edition_01.jpg 233w, https:\/\/www.chronopia.world\/pl\/wp-content\/uploads\/sites\/8\/2023\/07\/edition_01-230x300.jpg 230w\" sizes=\"(max-width: 233px) 100vw, 233px\" \/><\/figure>\n\n\n\n<h2 class=\"wp-block-heading\">1997 &#8211; Target Games (1wsza Edycja)<\/h2>\n\n\n\n<p>Oparta na wielkim sukcesie gry bitewnej Science Fiction &#8222;Warzone \u2013 Mutant Chronicles\u201d, gra fantasy Chronopia zosta\u0142a wydana przez Target Games pod koniec 1997 roku.<\/p>\n\n\n\n<p>W ci\u0105gu kolejnych czterech lat gra zosta\u0142a rozbudowana o cztery dodatki, dwa pude\u0142ka kampanii oraz liczne figurki<\/p>\n\n\n\n<p>Chronopia to ju\u017c nie tylko wielkie miasto, ale ca\u0142y \u015bwiat z r\u00f3\u017cnymi rasami i frakcjami.<\/p>\n\n\n\n<p>Pi\u0119\u0107 ras: Pierworodnych, Czarnokrwistych, Oddanych, Elf\u00f3w i Krasnolud\u00f3w pojawi\u0142o si\u0119 najpierw w podstawowej ksi\u0119dze zasad, a p\u00f3\u017aniej rasy Synowie Kronosa, Stygijczycy i Bagienne Gobliny zosta\u0142y dodane poprzez dodatki.<\/p>\n\n\n\n<p><\/p>\n\n\n\n<h2 class=\"wp-block-heading\">2002 &#8211; Excelsior Entertainment (2ga Edycja)<\/h2>\n\n\n\n<figure class=\"wp-block-image alignright size-full\"><img decoding=\"async\" width=\"233\" height=\"305\" src=\"https:\/\/www.chronopia.world\/pl\/wp-content\/uploads\/sites\/8\/2023\/07\/edition_02.jpg\" alt=\"\" class=\"wp-image-78\" srcset=\"https:\/\/www.chronopia.world\/pl\/wp-content\/uploads\/sites\/8\/2023\/07\/edition_02.jpg 233w, https:\/\/www.chronopia.world\/pl\/wp-content\/uploads\/sites\/8\/2023\/07\/edition_02-229x300.jpg 229w\" sizes=\"(max-width: 233px) 100vw, 233px\" \/><\/figure>\n\n\n\n<p>Ameryka\u0144ska firma Excelsior Entertainment otrzyma\u0142a licencj\u0119 na Chronopi\u0119 pod koniec 2001 roku. Podstawowym produktem by\u0142o wydane w 2002 roku nowe wydanie instrukcji ze wszystkimi rasami i jednostkami.<\/p>\n\n\n\n<p>Poza r\u00f3\u017cnymi pomniejszymi zasadami i zmianami balansu, jednym z kluczowych aspekt\u00f3w by\u0142o wprowadzenie kart rozstawienia, kt\u00f3re umo\u017cliwi\u0142y tajne rozstawienie armii.<\/p>\n\n\n\n<p>Podsumowanie wszystkich zasad, frakcji i jednostek w jednej ksi\u0105\u017cce sprawia, \u017ce jest ona bardzo obszerna.<\/p>\n\n\n\n<p>Opr\u00f3cz samej ksi\u0105\u017cki od 2005 roku trwa\u0142y prace nad dodatkniem, kt\u00f3re nie by\u0142o ju\u017c wydawane z powodu wyga\u015bni\u0119cia licencji.<\/p>\n\n\n\n<p><\/p>\n\n\n\n<p><\/p>\n\n\n\n<figure class=\"wp-block-image alignright size-full\"><img loading=\"lazy\" decoding=\"async\" width=\"233\" height=\"319\" src=\"https:\/\/www.chronopia.world\/pl\/wp-content\/uploads\/sites\/8\/2023\/07\/edition_03.jpg\" alt=\"\" class=\"wp-image-83\" srcset=\"https:\/\/www.chronopia.world\/pl\/wp-content\/uploads\/sites\/8\/2023\/07\/edition_03.jpg 233w, https:\/\/www.chronopia.world\/pl\/wp-content\/uploads\/sites\/8\/2023\/07\/edition_03-219x300.jpg 219w\" sizes=\"(max-width: 233px) 100vw, 233px\" \/><\/figure>\n\n\n\n<h2 class=\"wp-block-heading\">2022 &#8211; Uhrwerk-Verlag (3cia Edycja)<\/h2>\n\n\n\n<p>W ramach przeprowadzonego w pierwszym kwartale Kickstartera, opr\u00f3cz wielu nowo zaprojektowanych figurek, sfinansowano now\u0105 edycj\u0119 zasad.<\/p>\n\n\n\n<p>Zbi\u00f3r zasad, kt\u00f3ry pozosta\u0142 taki sam w swoich korzeniach, otrzyma\u0142 wiele zmian w por\u00f3wnaniu z poprzednimi edycjami.<\/p>\n\n\n\n<p>G\u0142\u00f3wnym celem tej zmiany jest grywalno\u015b\u0107 w r\u00f3\u017cnych trybach, od poziomu bohatera z 4-8 figurkami po du\u017ce masywne bitwy z armiami licz\u0105cymi nawet 100 modeli.<\/p>\n\n\n\n<p>Figurki zmieni\u0142y sw\u00f3j rozmiar z 28 mm do 32 mm jak inne wsp\u00f3\u0142czesne gry. Natomiast SioCast jest u\u017cywany jako materia\u0142 przy odlewie modeli; zamiast cyny.<\/p>\n\n\n\n<p>Dostawa sfinansowanych produkt\u00f3w poprzez Kickstarter&#8217;a planowana jest na koniec 2023 roku. Po tym czasie b\u0119d\u0105 one dost\u0119pne r\u00f3wnie\u017c w sklepach.<\/p>\n","protected":false},"excerpt":{"rendered":"<p>Obecne wcielenie to czwarta wersja gry z uniwersum Chronopii. 1994 &#8211; \u00c4ventyrsspel (Drakar och Demoner) 5&#8217;ta Edycja szwedzkiej gry fabularnej \u201eDrakar och Demoner\u201d (1994) o nazwie Chronopia. Akcja rozgrywa si\u0119 w wielkim mie\u015bcie Chronopia na ziemiach Ereb Altor. W ogromnym mie\u015bcie, w kt\u00f3rym grasz, w r\u00f3\u017cnych dzielnicach dominuje inna rasa. Czy to krasnoludy, orki, ludzie [&hellip;]<\/p>\n","protected":false},"author":3,"featured_media":0,"parent":0,"menu_order":0,"comment_status":"closed","ping_status":"closed","template":"","meta":{"site-sidebar-layout":"default","site-content-layout":"","ast-site-content-layout":"default","site-content-style":"default","site-sidebar-style":"default","ast-global-header-display":"","ast-banner-title-visibility":"","ast-main-header-display":"","ast-hfb-above-header-display":"","ast-hfb-below-header-display":"","ast-hfb-mobile-header-display":"","site-post-title":"","ast-breadcrumbs-content":"","ast-featured-img":"","footer-sml-layout":"","theme-transparent-header-meta":"","adv-header-id-meta":"","stick-header-meta":"","header-above-stick-meta":"","header-main-stick-meta":"","header-below-stick-meta":"","astra-migrate-meta-layouts":"default","ast-page-background-enabled":"default","ast-page-background-meta":{"desktop":{"background-color":"var(--ast-global-color-4)","background-image":"","background-repeat":"repeat","background-position":"center center","background-size":"auto","background-attachment":"scroll","background-type":"","background-media":"","overlay-type":"","overlay-color":"","overlay-opacity":"","overlay-gradient":""},"tablet":{"background-color":"","background-image":"","background-repeat":"repeat","background-position":"center center","background-size":"auto","background-attachment":"scroll","background-type":"","background-media":"","overlay-type":"","overlay-color":"","overlay-opacity":"","overlay-gradient":""},"mobile":{"background-color":"","background-image":"","background-repeat":"repeat","background-position":"center center","background-size":"auto","background-attachment":"scroll","background-type":"","background-media":"","overlay-type":"","overlay-color":"","overlay-opacity":"","overlay-gradient":""}},"ast-content-background-meta":{"desktop":{"background-color":"var(--ast-global-color-5)","background-image":"","background-repeat":"repeat","background-position":"center center","background-size":"auto","background-attachment":"scroll","background-type":"","background-media":"","overlay-type":"","overlay-color":"","overlay-opacity":"","overlay-gradient":""},"tablet":{"background-color":"var(--ast-global-color-5)","background-image":"","background-repeat":"repeat","background-position":"center center","background-size":"auto","background-attachment":"scroll","background-type":"","background-media":"","overlay-type":"","overlay-color":"","overlay-opacity":"","overlay-gradient":""},"mobile":{"background-color":"var(--ast-global-color-5)","background-image":"","background-repeat":"repeat","background-position":"center center","background-size":"auto","background-attachment":"scroll","background-type":"","background-media":"","overlay-type":"","overlay-color":"","overlay-opacity":"","overlay-gradient":""}},"footnotes":""},"class_list":["post-18","page","type-page","status-publish","hentry"],"_links":{"self":[{"href":"https:\/\/www.chronopia.world\/pl\/wp-json\/wp\/v2\/pages\/18","targetHints":{"allow":["GET"]}}],"collection":[{"href":"https:\/\/www.chronopia.world\/pl\/wp-json\/wp\/v2\/pages"}],"about":[{"href":"https:\/\/www.chronopia.world\/pl\/wp-json\/wp\/v2\/types\/page"}],"author":[{"embeddable":true,"href":"https:\/\/www.chronopia.world\/pl\/wp-json\/wp\/v2\/users\/3"}],"replies":[{"embeddable":true,"href":"https:\/\/www.chronopia.world\/pl\/wp-json\/wp\/v2\/comments?post=18"}],"version-history":[{"count":6,"href":"https:\/\/www.chronopia.world\/pl\/wp-json\/wp\/v2\/pages\/18\/revisions"}],"predecessor-version":[{"id":84,"href":"https:\/\/www.chronopia.world\/pl\/wp-json\/wp\/v2\/pages\/18\/revisions\/84"}],"wp:attachment":[{"href":"https:\/\/www.chronopia.world\/pl\/wp-json\/wp\/v2\/media?parent=18"}],"curies":[{"name":"wp","href":"https:\/\/api.w.org\/{rel}","templated":true}]}}